{"id":1597,"date":"2015-11-04T02:31:52","date_gmt":"2015-11-04T01:31:52","guid":{"rendered":"http:\/\/www.capoeira-auvergne.com\/en\/?page_id=1597"},"modified":"2017-12-16T17:21:38","modified_gmt":"2017-12-16T16:21:38","slug":"events","status":"publish","type":"page","link":"https:\/\/www.capoeira-auvergne.com\/en\/events\/","title":{"rendered":"Events"},"content":{"rendered":"<div class=\"texte entry-content\" style=\"text-align: center;\">\n<hr \/>\n<h3><span style=\"color: #ffffff;\">2\u00b0 Festival International Capoeira Antiga 2017<\/span><\/h3>\n<p><strong>The Program :<\/strong><\/p>\n<div id=\"gt-c\" class=\"g-section\">\n<div id=\"gt-form-c\">\n<form id=\"gt-form\" action=\"\/\" enctype=\"application\/x-www-form-urlencoded\" method=\"post\" name=\"text_form\">\n<div id=\"gt-text-all\">\n<div id=\"gt-main\">\n<div id=\"gt-text-c\">\n<div id=\"gt-text-top\">\n<div id=\"gt-res-c\" class=\"g-unit\">\n<div id=\"gt-res-p\">\n<div id=\"gt-res-data\">\n<div id=\"gt-res-wrap\">\n<div id=\"gt-res-content\">\n<h3 id=\"gt-res-dir-ctr\" class=\"trans-verified-button-small\" dir=\"ltr\"><span id=\"result_box\" lang=\"en\"><a href=\"http:\/\/www.capoeira-auvergne.com\/en\/wp-content\/uploads\/sites\/2\/2013\/10\/depliant-verso-2.png\"><img loading=\"lazy\" class=\"aligncenter wp-image-1992 \" src=\"http:\/\/www.capoeira-auvergne.com\/en\/wp-content\/uploads\/sites\/2\/2013\/10\/depliant-verso-2-300x204.png\" alt=\"depliant verso 2\" width=\"453\" height=\"317\" \/><\/a><\/span><\/h3>\n<h3 class=\"trans-verified-button-small\" dir=\"ltr\"><span id=\"result_box\" lang=\"en\"><strong>Saturday 11<\/strong><\/span><span lang=\"en\"><span lang=\"en\"><br \/>\n<\/span><\/span><\/h3>\n<div class=\"trans-verified-button-small\" dir=\"ltr\"><span lang=\"en\"><span lang=\"en\"> <strong>9h00<\/strong> Welcoming participants Gymnasium Henry Joubert<br \/>\n<strong>10h00 pm to 11h30 pm<\/strong> Capoeira course with Master Corisco Barros<br \/>\n<strong>12:00 pm to 13:00 pm<\/strong> Meal Break<br \/>\n<strong>13:30 pm to 15:30<\/strong> <strong>pm<\/strong> African dance workshop with Master Charly Mayassi<br \/>\n<strong>15h40 pm to 17h00<\/strong> <strong>pm<\/strong> Semba dance workshop with Professor Nacim\u00e3o<br \/>\n<strong>5:00 pm to 6:15 pm<\/strong> Capoeira Antiga workshop with Master Lima<br \/>\n<strong>18h30 to 20h00<\/strong> <strong>pm<\/strong> Graduation (passing grade of pupils)<br \/>\n<strong>8:30 pm to 10:30 pm<\/strong> Dinner at La Forie<br \/>\n<strong>23:00<\/strong> Evening &#8211; Animation with the Percussionist Rucangola Spectacular &#8230;<\/span><\/span><\/div>\n<h3 class=\"trans-verified-button-small\" dir=\"ltr\"><strong>Sunday 12<\/strong><\/h3>\n<div class=\"trans-verified-button-small\" dir=\"ltr\"><span id=\"result_box\" lang=\"en\"><strong>9h30 pm to 11h00 pm<\/strong> Cinema La Fa\u00e7ade Screening of the documentary Jogo de Corpo<br \/>\n<\/span><\/div>\n<div class=\"trans-verified-button-small\" dir=\"ltr\"><span id=\"result_box\" lang=\"en\"> <strong>11h15\u00a0 pm to 12h30 pm<\/strong> Conference and Closing of the 2\u00b0Festival Capoeira Antiga<\/span><\/div>\n<div class=\"trans-verified-button-small\" dir=\"ltr\">\u00a0<strong><span id=\"result_box\" class=\"short_text\" lang=\"en\">Reservations : <span style=\"text-decoration: underline;\">06 85 12 50 23<\/span><\/span><\/strong><\/div>\n<div dir=\"ltr\"><a href=\"http:\/\/www.lamontagne.fr\/ambert\/sports\/sports-de-combat\/2017\/11\/10\/la-capoeira-lance-son-festival-entre-ambert-et-la-forie_12623790.html#refresh\" target=\"_blank\" rel=\"noopener\">Journal La montagne<\/a><\/div>\n<\/div>\n<\/div>\n<\/div>\n<\/div>\n<\/div>\n<\/div>\n<\/div>\n<\/div>\n<\/div>\n<\/form>\n<\/div>\n<\/div>\n<hr \/>\n<h4 style=\"text-align: left;\"><\/h4>\n<p style=\"text-align: left;\"><a href=\"http:\/\/www.capoeira-auvergne.com\/en\/wp-content\/uploads\/sites\/2\/2013\/10\/Cartaz-Encontro-Final.jpg\"><img loading=\"lazy\" class=\"alignleft wp-image-1909 size-medium\" src=\"http:\/\/www.capoeira-auvergne.com\/en\/wp-content\/uploads\/sites\/2\/2013\/10\/Cartaz-Encontro-Final-300x191.jpg\" alt=\"Cartaz Encontro Final\" width=\"300\" height=\"191\" srcset=\"https:\/\/www.capoeira-auvergne.com\/en\/wp-content\/uploads\/sites\/2\/2013\/10\/Cartaz-Encontro-Final-300x191.jpg 300w, https:\/\/www.capoeira-auvergne.com\/en\/wp-content\/uploads\/sites\/2\/2013\/10\/Cartaz-Encontro-Final-1024x653.jpg 1024w, https:\/\/www.capoeira-auvergne.com\/en\/wp-content\/uploads\/sites\/2\/2013\/10\/Cartaz-Encontro-Final.jpg 1351w\" sizes=\"(max-width: 300px) 100vw, 300px\" \/><\/a>De 15 a 22 de Julho 2017 \u2013 Pela primeira vez em Lisboa -Portugal \u2013 ENCONTRO RAIZES \u2013 Capoeira no Semba \u2013 Encontro Cultural e Desportivo Capoeira e Semba ! Semin\u00e1rios com palestras sobre a cultura, variedades de cursos : Capoeira Antiga, Semba, Kizomba, Jogo da Catana, Macul\u00e9l\u00e9 d\u2019Costa, Bassula, Percuss\u00e3o, Jogo na faca e outros mais ! Organiza\u00e7\u00e3o de Mestre <a title=\"https:\/\/www.facebook.com\/nelson.ar.barros\" href=\"https:\/\/www.facebook.com\/nelson.ar.barros\" target=\"_blank\" rel=\"noopener\">Nelson Barros<\/a> Mestre\u00a0<a class=\"profileLink\" href=\"https:\/\/www.facebook.com\/ataare.dacosta?fref=mentions\" data-hovercard=\"\/ajax\/hovercard\/user.php?id=100000172025125&amp;extragetparams=%7B%22fref%22%3A%22mentions%22%7D\" data-hovercard-prefer-more-content-show=\"1\">Ataare Da Costa<\/a>\u00a0,\u00a0<a class=\"profileLink\" href=\"https:\/\/www.facebook.com\/rucangola.ruca?fref=mentions\" data-hovercard=\"\/ajax\/hovercard\/user.php?id=1768791808&amp;extragetparams=%7B%22fref%22%3A%22mentions%22%7D\" data-hovercard-prefer-more-content-show=\"1\">Rucangola Ruca<\/a>\u00a0e <a title=\"https:\/\/www.facebook.com\/luza.manuel\" href=\"https:\/\/www.facebook.com\/luza.manuel\" target=\"_blank\" rel=\"noopener\">Luza Manuel<\/a> ! Primeiro e exclusivo evento jamais feito na Euro<span class=\"text_exposed_show\">pa com participa\u00e7\u00e3o de artistas convidados : Don Kikas\u00a0<a class=\"profileLink\" href=\"https:\/\/www.facebook.com\/donkikas?fref=mentions\" data-hovercard=\"\/ajax\/hovercard\/user.php?id=704730153&amp;extragetparams=%7B%22fref%22%3A%22mentions%22%7D\" data-hovercard-prefer-more-content-show=\"1\">Emilio Costa<\/a>,\u00a0<a class=\"profileLink\" href=\"https:\/\/www.facebook.com\/paulo.sebastiao.980?fref=mentions\" data-hovercard=\"\/ajax\/hovercard\/user.php?id=100008042774405&amp;extragetparams=%7B%22fref%22%3A%22mentions%22%7D\" data-hovercard-prefer-more-content-show=\"1\">Paulo Pakas<\/a>,\u00a0<a class=\"profileLink\" href=\"https:\/\/www.facebook.com\/dino.george.18?fref=mentions\" data-hovercard=\"\/ajax\/hovercard\/user.php?id=100000013522090&amp;extragetparams=%7B%22fref%22%3A%22mentions%22%7D\" data-hovercard-prefer-more-content-show=\"1\">Dino George<\/a>\u00a0e outros mais, surpresas !<\/span><\/p>\n<p><span class=\"text_exposed_show\"><a title=\"https:\/\/www.facebook.com\/CapoeiraRaizesAfrica\/\" href=\"https:\/\/www.facebook.com\/CapoeiraRaizesAfrica\/\" target=\"_blank\" rel=\"noopener\">https:\/\/www.facebook.com\/CapoeiraRaizesAfrica\/<\/a> Venha curtir o balan\u00e7o da arte de saber viver ! Kandandu !<\/span><\/p>\n<hr \/>\n<h4>\u00a0<strong>CAPOEIRA<\/strong><\/h4>\n<h4>SABLE 2017 SHOW PLACE 1 MAY TO CLERMONT-FERRAND<\/h4>\n<h4>COURSES CHILDREN, TEENS AND ADULTS FREE TO ALL !<\/h4>\n<h4>08\/02\/2017 FROM 4:30 P.M.\u00a0TO 6:00 P.M. 08\/07\/2017 FROM 4:30 P.M.\u00a0TO 6:00 P.M. 08\/10\/2017 FROM 4:30 P.M.\u00a0TO 6:00 P.M.<\/h4>\n<h4>CAPOEIRA ANTIGA DE MASTER ATAARE D\u2019COSTA<\/h4>\n<p><strong><a title=\"http:\/\/www.clermont-ferrand.fr\/Capoeira-25659.html\" href=\"http:\/\/www.clermont-ferrand.fr\/Capoeira-25659.html\" target=\"_blank\" rel=\"noopener\">http:\/\/www.clermont-ferrand.fr<\/a><\/strong><\/p>\n<hr \/>\n<p><span style=\"color: #000000;\"><strong>COME DISCOVER THIS ACTIVITY SPORTS AND CULTURAL CAPOEIRA<\/strong><\/span><\/p>\n<h4>TO<\/h4>\n<h4>SABLE 2016 SHOW PLACE 1 MAY TO CLERMONT-FERRAND<\/h4>\n<h4>COURSES CHILDREN, TEENS AND ADULTS FREE TO ALL !<\/h4>\n<h4>08\/01\/2016 FROM 4:30 P.M.\u00a0TO 6:00 P.M. 08\/03\/2016 FROM 2:30 P.M.\u00a0TO 4:00 P.M. 08\/05\/2016 FROM 4:30 P.M.\u00a0TO 6:00 P.M.<\/h4>\n<h4><span style=\"color: #ffffff;\">CAPOEIRA ANTIGA DE MASTER ATAARE D\u2019COSTA<\/span><\/h4>\n<p><a title=\"http:\/\/www.clermont-ferrand.fr\/Capoeira-25659.html\" href=\"http:\/\/www.clermont-ferrand.fr\/Capoeira-25659.html\" target=\"_blank\" rel=\"noopener\"><strong><span style=\"color: #810000;\">http:\/\/www.clermont-ferrand.fr<\/span><\/strong><\/a><\/p>\n<hr \/>\n<h4>COME DISCOVER THE CAPOEIRA ANTIGA D\u2019ATAARE<\/h4>\n<h4>SPORTS AND CULTURAL ACTIVITIES<\/h4>\n<h4><span style=\"color: #ffffff;\">DURING THIS SUMMER STREET FREE TO ALL !<\/span><\/h4>\n<h4>THE 08\/09\/2016 TO 08\/25\/2016<\/h4>\n<h4>EVERY TUESDAY AND THURSDAY AT 7:00 P.M. 9:00 P.M.<\/h4>\n<h4>PLACE DE LA VICTOIRE\u00a0AND PLACE DE JAUDE<\/h4>\n<hr \/>\n<h4><span id=\"ouHighlight__0_12TO0_14\">THE ASSOCIATION<\/span><span id=\"noHighlight_0.4437854111970202\"> <\/span><span id=\"ouHighlight__14_21TO16_24\" class=\"highlighted\">ORGANIZES<\/span><\/h4>\n<h4 dir=\"ltr\">\u00a0<span id=\"ouHighlight__3_10TO0_5\">Friday<\/span><span id=\"noHighlight_0.07672511403876475\">, <\/span><span id=\"ouHighlight__12_20TO8_16\">06\/3\/2016<\/span><span id=\"noHighlight_0.6292024524386491\"> <\/span><span id=\"ouHighlight__22_32TO18_21\">from<\/span><span id=\"noHighlight_0.8300730433286676\"> <\/span><span id=\"ouHighlight__34_38TO23_27\">19:30<\/span><span id=\"noHighlight_0.5129360172948023\"> <\/span><span id=\"ouHighlight__40_40TO29_30\">to<\/span><span id=\"noHighlight_0.7358075074231674\"> <\/span><span id=\"ouHighlight__42_46TO32_36\">21:00<\/span><span id=\"noHighlight_0.05932848459265416\"> <\/span><span id=\"ouHighlight__48_49TO38_39\">at<\/span><span id=\"noHighlight_0.10933645177086043\"> <\/span><span id=\"ouHighlight__51_57TO41_43\">the<\/span><span id=\"noHighlight_0.22822890108901955\"> <\/span><span style=\"color: #000000;\"><a style=\"color: #000000;\" title=\"classe\" href=\"http:\/\/www.capoeira-auvergne.com\/en\/les-cours\/\" target=\"_blank\" rel=\"noopener\"><span id=\"ouHighlight__59_62TO45_47\">gym<\/span><span id=\"noHighlight_0.7306767155562546\"> <\/span><span id=\"ouHighlight__64_68TO49_52\">Jean<\/span><span id=\"noHighlight_0.7845465678630916\"> d\u2019Arc<\/span><\/a><\/span><\/h4>\n<h4 dir=\"ltr\">GRADUATIONS\u00a0DELIVERY<\/h4>\n<h4>\u00a0 Avenue de l\u2019Union Sovi\u00e9tique 63000 Clermont-Ferrand<\/h4>\n<h4><span id=\"ouHighlight__0_3TO0_2\">But<\/span><span id=\"noHighlight_0.07090398377575685\"> <\/span><span id=\"ouHighlight__5_13TO4_10\">what is<\/span><span id=\"noHighlight_0.2987695744897731\"> <\/span><span id=\"ouHighlight__15_16TO12_14\">the<\/span><span id=\"noHighlight_0.15029965035294818\"> <\/span><span id=\"ouHighlight__18_23TO16_29\">rehabilitation<\/span><span id=\"noHighlight_0.7363882355133093\"> <\/span><span id=\"ouHighlight__25_26TO31_32\">of<\/span><span id=\"noHighlight_0.3392907351018739\"> <\/span><span id=\"ouHighlight__28_32TO34_38\" class=\"highlighted\">GRADE <\/span><span id=\"noHighlight_0.9411453834522592\">?<\/span><\/h4>\n<div>Is a day of celebration and sharing where it invites\u2026, <span id=\"noHighlight_0.3013438183294018\">delivery of rank is not a test\u2026<\/span><\/div>\n<div><span id=\"ouHighlight__0_1TO0_1\" class=\"highlighted\">He<\/span><span id=\"noHighlight_0.10135527317241966\"> <\/span><span id=\"ouHighlight__3_4TO3_4\">or<\/span><span id=\"noHighlight_0.9343720141398086\"> <\/span><span id=\"ouHighlight__6_9TO6_8\">she<\/span><span id=\"noHighlight_0.03828458108196864\"> <\/span><span id=\"ouHighlight__18_24TO10_13\">then<\/span><span id=\"noHighlight_0.7745681167162304\"> <\/span><span id=\"ouHighlight__11_16TO15_21\">changes<\/span><span id=\"noHighlight_0.07495976538216803\"> <\/span><span id=\"ouHighlight__29_33TO23_26\">rank<\/span><span id=\"noHighlight_0.5373397973805741\">,<\/span><span id=\"noHighlight_0.8279910570885307\"> <\/span><span id=\"ouHighlight__36_37TO29_30\">of<\/span><span id=\"noHighlight_0.12693704611279993\">\u00a0degree<\/span><span id=\"noHighlight_0.2932110973186229\"> <\/span><span id=\"ouHighlight__51_52TO38_39\">in<\/span><span id=\"noHighlight_0.526862738032536\"> degree<\/span><span id=\"noHighlight_0.0244602531036755\">,<\/span><span id=\"noHighlight_0.8935438306593679\"> <\/span><span id=\"ouHighlight__67_73TO48_56\">following<\/span><span id=\"noHighlight_0.007439502918754226\"> <\/span><span id=\"ouHighlight__75_77TO58_60\">its<\/span><span id=\"noHighlight_0.599063778429918\"> <\/span><span id=\"ouHighlight__79_87TO62_70\">evolution<\/span><span id=\"noHighlight_0.12564982315558104\">.<\/span><\/div>\n<h3>\u00a0<span id=\"ouHighlight__0_12TO0_3\" class=\"highlighted\">Open<\/span><span id=\"noHighlight_0.03239822130928738\"> <\/span><span id=\"ouHighlight__14_14TO5_6\">to<\/span><span id=\"noHighlight_0.5180815907586611\"> <\/span><span id=\"ouHighlight__16_19TO8_10\">all<\/span><span id=\"noHighlight_0.6105625084798192\"> <\/span><span id=\"ouHighlight__21_28TO12_14\">who<\/span><span id=\"noHighlight_0.08132838415305571\"> <\/span><span id=\"ouHighlight__30_36TO16_22\">want to<\/span><span id=\"noHighlight_0.4043145630990833\"> <\/span><span id=\"ouHighlight__38_45TO24_28\">share<\/span><span id=\"noHighlight_0.4512833742547141\"> <\/span><span id=\"ouHighlight__47_51TO30_33\">this<\/span><span id=\"noHighlight_0.1362696386346452\"> <\/span><span id=\"ouHighlight__53_57TO35_38\">good<\/span><span id=\"noHighlight_0.1949846596166554\"> <\/span><span id=\"ouHighlight__59_68TO40_49\">experience<\/span><span id=\"noHighlight_0.997042515746619\"> <\/span><span id=\"ouHighlight__70_72TO51_54\">that<\/span><span id=\"noHighlight_0.2880373263031677\"> <\/span><span id=\"ouHighlight__79_85TO56_61\">brings<\/span><span id=\"noHighlight_0.8768525055647796\"> <\/span><span id=\"ouHighlight__74_77TO63_64\">us<\/span><span id=\"noHighlight_0.7852825679547043\"> <\/span><span id=\"ouHighlight__87_88TO66_67\">to<\/span><span id=\"noHighlight_0.251454648549079\"> <\/span><span id=\"ouHighlight__90_94TO69_71\">the<\/span><span id=\"noHighlight_0.8645808581465556\"> <\/span><span id=\"ouHighlight__96_97TO73_77\">world<\/span><span id=\"noHighlight_0.7606435453803892\"> <\/span><span id=\"ouHighlight__99_100TO79_80\">of<\/span><span id=\"noHighlight_0.670346892600282\"> Capoeira<\/span><\/h3>\n<p>[youtube]https:\/\/youtu.be\/w-V3Dowv36o[\/youtube]<\/p>\n<h3 dir=\"ltr\" style=\"text-align: center;\"><span style=\"color: #ffffff;\"><strong>Association Capoeira Antiga Cultura Guerreira Auvergne\u00a0and Master Ataare<\/strong><\/span><\/h3>\n<div dir=\"ltr\" style=\"text-align: center;\">Thank all participants : students, family and friends for sharing this good experience that was the delivery of graduations on 06\/03\/2016 !<\/div>\n<hr \/>\n<p><strong>LAST<\/strong><span id=\"noHighlight_0.2599525341801228\"> <\/span><strong><span id=\"ouHighlight__7_18TO5_8\" class=\"highlighted\">YEAR <\/span>COURSE ACADEMY 17\/12\/15<\/strong> Round Capoeira in 8:00 p.m. to 9:00 p.m.! Meal at \u201c<strong>TAQUIEROS<\/strong>\u201d in 9:30 p.m. 79 Boulevard Lafayette 63000 Clermont-Ferrand<\/p>\n<hr \/>\n<p><strong><span class=\"hps\">Exhibition and presentation<\/span> <span class=\"hps\">of<\/span> <span class=\"hps\">Master<\/span> <span class=\"hps\">Liminha<\/span><\/strong> <span class=\"hps\">day<\/span> 15<span class=\"hps\">.11.2015 <\/span>(3<span class=\"hps\">.00 p.m to 4.30 p.m),<\/span>\u00a0Meeting room\u00a0<span class=\"hps\">Peuple<\/span> <span class=\"hps\">et<\/span> <span class=\"hps\">Culture<\/span>,<\/p>\n<\/div>\n<div class=\"texte entry-content\" style=\"text-align: center;\"><span class=\"hps\">3 rue<\/span> <span class=\"hps\">Gaultier<\/span> <span class=\"hps\">Biauzat<\/span> <span class=\"hps\">63000<\/span> <span class=\"hps\">Clermont<\/span>-Ferrand ! <span class=\"hps\">03\/11\/2005 \u2013 03\/11\/2015<\/span>, <span class=\"hps\">10-year<\/span> C<span class=\"hps\">elebration !<\/span> <span class=\"hps\">Free entry ! 1:30<\/span>\u00a0<span class=\"hps\">video<\/span> <span class=\"hps\">presentation<\/span>, photos, <span class=\"hps\">website<\/span> <span class=\"hps\">etc.<\/span><\/div>\n<div class=\"texte entry-content\" style=\"text-align: center;\"><span class=\"hps\">Each participant can<\/span> <span class=\"hps\">bring something to<\/span> <span class=\"hps\">eat or drink <\/span>!<\/div>\n<div class=\"texte entry-content\" style=\"text-align: center;\">Organization <span class=\"hps\">Ataare d\u2019Costa<\/span><\/div>\n<div class=\"texte entry-content\" style=\"text-align: center;\"><\/div>\n<div class=\"texte entry-content\"><a class=\"image-anchor cboxElement\" title=\"LES COURS DE CAPOEIRA ANTIGA 2015\/2016\" href=\"http:\/\/www.capoeira-auvergne.com\/wp-content\/uploads\/2013\/10\/M-Copie.jpg\" rel=\"lightbox[22]\"><img loading=\"lazy\" class=\"size-medium wp-image-2418 aligncenter\" src=\"http:\/\/www.capoeira-auvergne.com\/wp-content\/uploads\/2013\/10\/M-Copie-147x300.jpg\" alt=\"M - Copie\" width=\"147\" height=\"300\" \/><\/a><\/div>\n<div class=\"texte entry-content\"><\/div>\n<div class=\"texte entry-content\">\n<hr \/>\n<\/div>\n<div class=\"texte entry-content\">\n<p style=\"text-align: center;\"><span id=\"result_box\" lang=\"en\" tabindex=\"-1\"><strong><span class=\"hps\">CAPOEIRA<\/span> <span class=\"hps\">COURSE<\/span> <span class=\"hps\">DURING<\/span> <span class=\"hps\">HOLIDAY<\/span> <span class=\"hps\">ALL SAINTS<\/span> <span class=\"hps\">!!!<\/span><\/strong><\/span><\/p>\n<h5 style=\"text-align: center;\"><span class=\"hps\">TUESDAY,<\/span> <span class=\"hps\">20<\/span> <span class=\"hps\">AND 27<\/span> <span class=\"hps\">\/\/<\/span> <span class=\"hps\">22 AND<\/span> <span class=\"hps\">THURSDAY,<\/span><span class=\"hps\"> OCTOBER 29, 2015<\/span><\/h5>\n<h5 style=\"text-align: center;\"><span class=\"hps\">FROM<\/span> <span class=\"hps\">8:00 P.M.<\/span> <span class=\"hps\">AT<\/span> <span class=\"hps\">9:45 P.M.<\/span><\/h5>\n<p style=\"text-align: center;\"><strong><a title=\"MAISON DES SPORTS\" href=\"http:\/\/www.clermont-ferrand.fr\/la-maison-des-sports.html\" target=\"_blank\" rel=\"noopener\"><span style=\"color: #810000;\">MAISON DES SPORTS<\/span><\/a><\/strong><\/p>\n<p style=\"text-align: center;\">(PLACE DES BUGHES)<\/p>\n<p style=\"text-align: center;\"><a title=\"MAISON DES SPORTS\" href=\"http:\/\/www.clermont-ferrand.fr\/la-maison-des-sports.html\" target=\"_blank\" rel=\"noopener\"><strong><span style=\"color: #810000;\">http:\/\/www.clermont-ferrand.fr\/la-maison-des-sports.html<\/span><\/strong><\/a><\/p>\n<hr \/>\n<p style=\"text-align: center;\"><strong><span class=\"hps\">IN<\/span> <span class=\"hps\">THE<\/span> <span class=\"hps\">CAPOEIRA<\/span> <span class=\"hps\">FESTIVAL<\/span> <span class=\"hps\">!!!<\/span> <span class=\"hps\">SATURDAY,\u00a0OCTOBER 31, 2015<\/span><\/strong><\/p>\n<h5 style=\"text-align: center;\"><span class=\"hps\">ASSOCIATION<\/span> <span class=\"hps\">ORGANIZED<\/span> <span class=\"hps\">FOR<\/span> <span class=\"hps\">ALL SAINTS<\/span> <span class=\"hps\">DAY<\/span> <span class=\"hps\">FRIENDLY<\/span> <span class=\"hps\">WITH<\/span> <span class=\"hps\">SEVERAL<\/span> <span class=\"hps\">STAGES <\/span>:<\/h5>\n<h5 style=\"text-align: center;\"><span class=\"hps\">&#8211;<\/span> <span class=\"hps\">ORIENTAL<\/span> <span class=\"hps\">DANCE<\/span>, <span class=\"hps\">RAGGA<\/span> <span class=\"hps\">DANCEHALL<\/span>, <span class=\"hps\">ZUMBA<\/span>, <span class=\"hps\">BACHATA<\/span>, <span class=\"hps\">SEMBA<\/span> <span class=\"hps\">ETC<\/span> <span class=\"hps\">!!<\/span> <span class=\"hps atn\">(<\/span>EACH <span class=\"hps\">STAGE<\/span> <span class=\"hps\">\u20ac<\/span> <span class=\"hps\">10)<\/span><\/h5>\n<h5 style=\"text-align: center;\"><span class=\"hps\">AT<\/span> <span class=\"hps\">7:30 P.M.<\/span> <span class=\"hps\">6:30 PM.<\/span> <span class=\"hps\">RODE<\/span> <span class=\"hps\">ASSOCIATIONS<\/span>\u00a0CAOEIRA M<span class=\"hps\">ASTER<\/span> <span class=\"hps\">ATAARE<\/span><\/h5>\n<h5 style=\"text-align: center;\"><span class=\"hps\">FROM<\/span> <span class=\"hps\">9:00 P.M.<\/span> <span class=\"hps atn\">(<\/span>NIGHT <span class=\"hps\">DANCING<\/span>) <span class=\"hps\">\u20ac 3<\/span> <span class=\"hps\">FOR<\/span> <span class=\"hps\">GUESTS<\/span><\/h5>\n<h5 style=\"text-align: center;\"><strong><span class=\"hps\">DRINKS<\/span> <span class=\"hps\">ON SITE<\/span> <span class=\"hps\">FOR SALE<\/span> <span class=\"hps\">!!<\/span><\/strong><\/h5>\n<h5 style=\"text-align: center;\"><strong><span class=\"hps\">EACH<\/span> <span class=\"hps\">STUDENT<\/span> <span class=\"hps\">MAY<\/span> <span class=\"hps\">ALSO<\/span> <span class=\"hps\">INVITED<\/span> <span class=\"hps\">GUEST<\/span> <span class=\"hps\">AND<\/span> <span class=\"hps\">PARTICIPATED<\/span> <span class=\"hps\">WITH<\/span> <span class=\"hps\">FOOD AND BEVERAGES<\/span> <span class=\"hps\">TO<\/span> <span class=\"hps\">VOLUNTEER<\/span><\/strong><\/h5>\n<p style=\"text-align: center;\"><a class=\"image-anchor cboxElement\" title=\"LES COURS DE CAPOEIRA ANTIGA 2015\/2016\" href=\"http:\/\/www.capoeira-auvergne.com\/wp-content\/uploads\/2013\/10\/31OCTOBRE-2015-HALLOWEEN.jpg\" rel=\"lightbox[22]\"><img loading=\"lazy\" class=\"wp-image-2401 aligncenter\" src=\"http:\/\/www.capoeira-auvergne.com\/wp-content\/uploads\/2013\/10\/31OCTOBRE-2015-HALLOWEEN-300x212.jpg\" alt=\"31OCTOBRE 2015 HALLOWEEN\" width=\"339\" height=\"246\" \/><\/a><a title=\"MAISON DE L'ORADOU\" href=\"http:\/\/www.clermont-ferrand.fr\/LA-MAISON-DE-L-ORADOU.html\" target=\"_blank\" rel=\"noopener\"><strong><span style=\"color: #810000;\">LA MAISON DE L\u2019ORADOU <\/span><\/strong><\/a><\/p>\n<h5 style=\"text-align: center;\">(88, rue de l\u2019Oradou 63000 Clermont-Ferrand)<\/h5>\n<p style=\"text-align: center;\"><a title=\"MAISON DE L'ORADOU\" href=\"http:\/\/www.clermont-ferrand.fr\/LA-MAISON-DE-L-ORADOU.html\" target=\"_blank\" rel=\"noopener\"><strong><span style=\"color: #810000;\">http:\/\/www.clermont-ferrand.fr\/LA-MAISON-DE-L-ORADOU.html<\/span><\/strong><\/a><\/p>\n<hr \/>\n<p><a class=\"image-anchor cboxElement\" title=\"LES COURS DE CAPOEIRA ANTIGA SAISON 2014\/2015 \" href=\"http:\/\/www.capoeira-auvergne.com\/wp-content\/uploads\/2013\/10\/le-printemps-des-associations_1595524.jpg\" rel=\"lightbox[22]\"><img loading=\"lazy\" class=\"aligncenter wp-image-1965 size-medium\" src=\"http:\/\/www.capoeira-auvergne.com\/wp-content\/uploads\/2013\/10\/le-printemps-des-associations_1595524-300x225.jpg\" alt=\"le-printemps-des-associations_1595524\" width=\"300\" height=\"225\" \/><\/a><\/p>\n<p style=\"text-align: center;\"><img loading=\"lazy\" class=\"logo aligncenter\" src=\"http:\/\/www.lamontagne.fr\/refSRC\/yFZS1EZBLLNIrkhKImHCAFEZG0E-_\/TAICKwdGHBAKXQokAm8DQlEFWFxLQQ--\/MT.png.png\" alt=\"La Montagne Centre France\" width=\"303\" height=\"46\" \/><\/p>\n<p style=\"text-align: center;\"><a title=\"Capoeira Antiga \u00e0 Issoire\" href=\"http:\/\/www.lamontagne.fr\/auvergne\/actualite\/departement\/puy-de-dome\/issoire\/2014\/05\/17\/issoire-et-ses-associations-au-rythme-de-la-samba_11008071.html\" target=\"_blank\" rel=\"noopener\"><span style=\"color: #810000;\"><strong>(La Montagne infos)<\/strong><\/span><\/a><\/p>\n<\/div>\n","protected":false},"excerpt":{"rendered":"<p>2\u00b0 Festival International Capoeira Antiga 2017 The Program : Saturday 11 9h00 Welcoming participants Gymnasium Henry Joubert 10h00 pm to 11h30 pm Capoeira course with Master Corisco Barros 12:00 pm to 13:00 pm Meal Break 13:30 pm to 15:30 pm&hellip;<\/p>\n<p class=\"more-link-p\"><a class=\"more-link\" href=\"https:\/\/www.capoeira-auvergne.com\/en\/events\/\">Read more &rarr;<\/a><\/p>\n","protected":false},"author":4,"featured_media":0,"parent":0,"menu_order":0,"comment_status":"closed","ping_status":"closed","template":"","meta":[],"_links":{"self":[{"href":"https:\/\/www.capoeira-auvergne.com\/en\/wp-json\/wp\/v2\/pages\/1597"}],"collection":[{"href":"https:\/\/www.capoeira-auvergne.com\/en\/wp-json\/wp\/v2\/pages"}],"about":[{"href":"https:\/\/www.capoeira-auvergne.com\/en\/wp-json\/wp\/v2\/types\/page"}],"author":[{"embeddable":true,"href":"https:\/\/www.capoeira-auvergne.com\/en\/wp-json\/wp\/v2\/users\/4"}],"replies":[{"embeddable":true,"href":"https:\/\/www.capoeira-auvergne.com\/en\/wp-json\/wp\/v2\/comments?post=1597"}],"version-history":[{"count":32,"href":"https:\/\/www.capoeira-auvergne.com\/en\/wp-json\/wp\/v2\/pages\/1597\/revisions"}],"predecessor-version":[{"id":2012,"href":"https:\/\/www.capoeira-auvergne.com\/en\/wp-json\/wp\/v2\/pages\/1597\/revisions\/2012"}],"wp:attachment":[{"href":"https:\/\/www.capoeira-auvergne.com\/en\/wp-json\/wp\/v2\/media?parent=1597"}],"curies":[{"name":"wp","href":"https:\/\/api.w.org\/{rel}","templated":true}]}}