{"id":133,"date":"2013-11-03T15:09:40","date_gmt":"2013-11-03T14:09:40","guid":{"rendered":"http:\/\/www.capoeira-auvergne.com\/?page_id=133"},"modified":"2017-01-23T18:03:55","modified_gmt":"2017-01-23T17:03:55","slug":"origines","status":"publish","type":"page","link":"https:\/\/www.capoeira-auvergne.com\/en\/origines\/","title":{"rendered":"Origins"},"content":{"rendered":"<p style=\"text-align: justify;\">The Bantus were some tribes inhabiting central areas of the African continent\u2019s coasts. They emigrated from the Guinean Golf to the South, getting close to the Cassai River. Angola\u2019s first people were speaking the Khoisan language. Bantus remained inside actual Angola\u2019s borders. They blended with indigenous people (the Tchokwes). Then, a melting took place between the two tribes. Nowadays, they are still called Lundas-Tchokwes by the Bakongos, who are living in the North of Angola.<\/p>\n<p style=\"text-align: justify;\"><img loading=\"lazy\" class=\"alignright\" style=\"border: 0px none;\" title=\"Origem\" src=\"http:\/\/www.old.capoeira-auvergne.com\/site\/IMG\/Capoeira\/Origem.jpg\" alt=\"Origem\" width=\"318\" height=\"236\" border=\"0\" \/><\/p>\n<p style=\"text-align: justify;\">In 1482, the Portuguese explorer Diogo C\u00e3o, arrived on the banks of the Congo River, the border between Congo and Cabinda. During that period, Congo was a kingdom situated at Angola\u2019s North and ruled by Mani Congo. It\u2019s capital was Mbanza. Portuguese people had been welcomed by the king Nzinga Nkuwu. Relationships between Europeans and African, at the time, were quite good. A trade exchange had been set up in order to sell merchandise, weapons, then slaves. Portugues people gained the Congolese king\u2019s trust and managed to make him convert to Catholicism. In 1491, Portuguese decided to give the Congolese kingdom the name of S\u00e3o Salvador. But in 1507; Nzinga Nkuwu died and was replaced by Mani Congo who entirely transformed the mutual relationship. The Portuguese people, interested in the gold mines, declared war on the new king. Mani Congo has been killed during the conflict.<\/p>\n<p style=\"text-align: justify;\"><img loading=\"lazy\" class=\"alignleft\" style=\"border: 0px none;\" title=\"Origem\" src=\"http:\/\/www.old.capoeira-auvergne.com\/site\/IMG\/Capoeira\/Origem2.jpg\" alt=\"Origem\" width=\"355\" height=\"216\" border=\"0\" \/><\/p>\n<p style=\"text-align: justify;\">Congo kingdom has been conquered then destroyed and ended by completely disappear. The Portuguese domination didn\u2019t stop there and spread all around, keeping on submitting other tribes as the Ngolas from the Ndongo kingdom, in the hills of Cuanza River. The name Angola has been proclaimed by the originous people, before the arrival of the Portuguese in Africa. During that period, Portuguese domination was very strong. S\u00e3o Paulo de Assun\u00e7\u00e3o de Luanda was finally founded, Angola\u2019s capital, main place of black slaves\u2019 exportation towards Americas (Brazil, Cuba and other destinations).<\/p>\n<p style=\"text-align: justify;\"><img loading=\"lazy\" class=\"alignright\" style=\"border: 0px none;\" title=\"Map\" src=\"http:\/\/www.old.capoeira-auvergne.com\/site\/IMG\/Capoeira\/map.jpg\" alt=\"Map\" width=\"364\" height=\"233\" border=\"0\" \/><\/p>\n<p style=\"text-align: justify;\">Inhabitants close to the Congo River, North of Angola, blended with Europeans. There was a complicity with African tribes about trade of merchandise: clothes, wines, weapons\u2026etc, in exchange of slaves. Since the XVI century, 16 millions of slaves have been reported being transported in slave ships. Only 4 millions survived the trip to Americas. The majority of abducted black people were Bantus from Angola.<\/p>\n<p>The mass exodus of the Angolese population happened during the XVII century. The human market being weak on Angola\u2019s coasts, Portuguese captured members of the Yoruba tribe, from Angola. Between Brazil and Angola existed an alliance for human traffic. In the end, all of this created a melting pot of cultures and languages. Slave trade in Angola has been forbidden only in 1836.<\/p>\n<p style=\"text-align: center;\"><strong>Ongolo :<\/strong><\/p>\n<p style=\"text-align: center;\">[youtube]http:\/\/youtu.be\/zlqnRIMAtTc[\/youtube]<\/p>\n<p style=\"text-align: center;\"><strong>Vadia\u00e7\u00e3o Capoeira Antiga :<\/strong><\/p>\n<p style=\"text-align: center;\">[youtube]http:\/\/youtu.be\/ObGj2e2bsAc[\/youtube]<\/p>\n<p style=\"text-align: center;\"><strong>\u00a0 The fight <\/strong><strong>Ag&#8217;ya Danmye Ladja :<\/strong><\/p>\n<p style=\"text-align: center;\">[youtube]http:\/\/www.youtube.com\/watch?v=Rl4CEEse_fI[\/youtube]<\/p>\n<p style=\"text-align: center;\"><strong>Movie &#8220;Quilombo\u00a0de Palmares&#8221;\u00a0<\/strong><\/p>\n<p style=\"text-align: center;\">[youtube]https:\/\/youtu.be\/v7CYGqJsFvU[\/youtube]<\/p>\n<p style=\"text-align: center;\"><strong>Movie &#8220;De Galanga no Congo a Chico Rei em Ouro Preto&#8221;<\/strong><\/p>\n<p style=\"text-align: center;\">[youtube]http:\/\/youtu.be\/Brbc4WyFhQw[\/youtube]<\/p>\n<p style=\"text-align: center;\"><strong>Movie &#8220;Ganga Zumba&#8221;<\/strong><\/p>\n<p style=\"text-align: center;\">[youtube]https:\/\/youtu.be\/pjEiYGwOxv0[\/youtube]<\/p>\n<p>&nbsp;       <\/p>\n","protected":false},"excerpt":{"rendered":"<p>The Bantus were some tribes inhabiting central areas of the African continent\u2019s coasts. They emigrated from the Guinean Golf to the South, getting close to the Cassai River. Angola\u2019s first people were speaking the Khoisan language. Bantus remained inside actual&hellip;<\/p>\n<p class=\"more-link-p\"><a class=\"more-link\" href=\"https:\/\/www.capoeira-auvergne.com\/en\/origines\/\">Read more &rarr;<\/a><\/p>\n","protected":false},"author":1,"featured_media":0,"parent":0,"menu_order":0,"comment_status":"closed","ping_status":"closed","template":"","meta":[],"_links":{"self":[{"href":"https:\/\/www.capoeira-auvergne.com\/en\/wp-json\/wp\/v2\/pages\/133"}],"collection":[{"href":"https:\/\/www.capoeira-auvergne.com\/en\/wp-json\/wp\/v2\/pages"}],"about":[{"href":"https:\/\/www.capoeira-auvergne.com\/en\/wp-json\/wp\/v2\/types\/page"}],"author":[{"embeddable":true,"href":"https:\/\/www.capoeira-auvergne.com\/en\/wp-json\/wp\/v2\/users\/1"}],"replies":[{"embeddable":true,"href":"https:\/\/www.capoeira-auvergne.com\/en\/wp-json\/wp\/v2\/comments?post=133"}],"version-history":[{"count":29,"href":"https:\/\/www.capoeira-auvergne.com\/en\/wp-json\/wp\/v2\/pages\/133\/revisions"}],"predecessor-version":[{"id":1849,"href":"https:\/\/www.capoeira-auvergne.com\/en\/wp-json\/wp\/v2\/pages\/133\/revisions\/1849"}],"wp:attachment":[{"href":"https:\/\/www.capoeira-auvergne.com\/en\/wp-json\/wp\/v2\/media?parent=133"}],"curies":[{"name":"wp","href":"https:\/\/api.w.org\/{rel}","templated":true}]}}