{"id":111,"date":"2013-11-03T14:59:23","date_gmt":"2013-11-03T13:59:23","guid":{"rendered":"http:\/\/www.capoeira-auvergne.com\/?page_id=111"},"modified":"2014-02-05T19:25:15","modified_gmt":"2014-02-05T18:25:15","slug":"111-2","status":"publish","type":"page","link":"https:\/\/www.capoeira-auvergne.com\/en\/111-2\/","title":{"rendered":"Macul\u00e9l\u00e9"},"content":{"rendered":"<p style=\"text-align: justify;\"><a href=\"http:\/\/www.capoeira-auvergne.com\/wp-content\/uploads\/2013\/11\/maculele1.jpg\"><img loading=\"lazy\" class=\"size-medium wp-image-533 alignleft\" alt=\"maculele1\" src=\"http:\/\/www.capoeira-auvergne.com\/wp-content\/uploads\/2013\/11\/maculele1-300x156.jpg\" width=\"300\" height=\"156\" srcset=\"https:\/\/www.capoeira-auvergne.com\/en\/wp-content\/uploads\/sites\/2\/2013\/11\/maculele1-300x156.jpg 300w, https:\/\/www.capoeira-auvergne.com\/en\/wp-content\/uploads\/sites\/2\/2013\/11\/maculele1.jpg 498w\" sizes=\"(max-width: 300px) 100vw, 300px\" \/><\/a>In the state of Ba\u03afa, but nowadays particularly in Santo Amaro exist religious celebrations, mixed with profane elements. Among the traditions represented at the entrance of the Boa M\u0103e (Good Mother) Church, we can find Capoeira d&#8217;Isabel, Bumba, Meu Boi, \u00e1 Burrinha and of course, Macul\u00e9l\u00e9,the height of the festivities.Macul\u00e9l\u00e9 is a dramatic dance, marked by the rhythm of the Atabaques (drums), during which a group of men holding wooden sticks are fighting against each other. After the abolition of slavery in 1888, Macul\u00e9l\u00e9 declined and disappeared completely. It would have totally disappeared if in 1943 Master P\u00f3p\u00f3 had not decided to gather friends and family to recreate Macul\u00e9l\u00e9, organizing a demonstration in front of the Church of the Purification.<br \/>\nThe origin of that dance remains an enigma for historians and other interested people. Some say that it was a form of entertainment created by African people, like Samba de Roda, Capoeira etc&#8230;<br \/>\nMacul\u00e9l\u00e9 tells how slaves fought against white colonels. Without any written medium, it keeps alive stories and legends. The first story is the one of a black warrior who is attacked by men of another tribe, while it was prohibited to hunt, because of religious issues. That&#8217;s why some Macul\u00e9l\u00e9&#8217;s practitioners respected hunting seasons. The second one is about a lazy Indian warrior who used to stay at the village with the children and women instead of going hunting with the other men. The village was attacked by another tribe and the warrior fought until death to defend it.<br \/>\nThe two versions are almost similar but there is still a polemic about the origins of the dance. Even if there is no written medium, everything let us believe that African people kept alive their culture through that period of oppression and rebellion. That would be their answer to slavery, recreating their culture in Brazil, giving birth to the Afro-Brazilian culture.<\/p>\n<p style=\"text-align: justify;\" align=\"JUSTIFY\"><span><a href=\"http:\/\/www.capoeira-auvergne.com\/wp-content\/uploads\/2013\/11\/maculele2.jpg\"><img loading=\"lazy\" class=\"alignright\" alt=\"maculele2\" src=\"http:\/\/www.capoeira-auvergne.com\/wp-content\/uploads\/2013\/11\/maculele2-300x156.jpg\" width=\"300\" height=\"156\" \/><\/a>Macul\u00e9l\u00e9 consists in forming a circle or a half-circle of people, divided in two columns. In the middle is the chief, who plays with all the participants. Once everyone has played with him, he chooses an experimented player and call him out for a duel. Every player has two wooden sticks which he strikes together to create a four-time beat. The three first beats are executed at belt-height. The fourth one is stricken at the face level and finishes at the rhythm decided by the musicians of the orchestra. This demands fastness and dexterity to every participants, who have to work on their self-control. Macul\u00e9l\u00e9&#8217;s music is produced by three or four Atabaques, a Ganza (type of maracas) and an Agogo. Some Pandeiros (timbrels) and 12-strings guitars make complete the festive and warm atmosphere of Macul\u00e9l\u00e9.<\/span><\/p>\n","protected":false},"excerpt":{"rendered":"<p>In the state of Ba\u03afa, but nowadays particularly in Santo Amaro exist religious celebrations, mixed with profane elements. Among the traditions represented at the entrance of the Boa M\u0103e (Good Mother) Church, we can find Capoeira d&#8217;Isabel, Bumba, Meu Boi,&hellip;<\/p>\n<p class=\"more-link-p\"><a class=\"more-link\" href=\"https:\/\/www.capoeira-auvergne.com\/en\/111-2\/\">Read more &rarr;<\/a><\/p>\n","protected":false},"author":2,"featured_media":0,"parent":0,"menu_order":0,"comment_status":"closed","ping_status":"closed","template":"","meta":[],"_links":{"self":[{"href":"https:\/\/www.capoeira-auvergne.com\/en\/wp-json\/wp\/v2\/pages\/111"}],"collection":[{"href":"https:\/\/www.capoeira-auvergne.com\/en\/wp-json\/wp\/v2\/pages"}],"about":[{"href":"https:\/\/www.capoeira-auvergne.com\/en\/wp-json\/wp\/v2\/types\/page"}],"author":[{"embeddable":true,"href":"https:\/\/www.capoeira-auvergne.com\/en\/wp-json\/wp\/v2\/users\/2"}],"replies":[{"embeddable":true,"href":"https:\/\/www.capoeira-auvergne.com\/en\/wp-json\/wp\/v2\/comments?post=111"}],"version-history":[{"count":7,"href":"https:\/\/www.capoeira-auvergne.com\/en\/wp-json\/wp\/v2\/pages\/111\/revisions"}],"predecessor-version":[{"id":1134,"href":"https:\/\/www.capoeira-auvergne.com\/en\/wp-json\/wp\/v2\/pages\/111\/revisions\/1134"}],"wp:attachment":[{"href":"https:\/\/www.capoeira-auvergne.com\/en\/wp-json\/wp\/v2\/media?parent=111"}],"curies":[{"name":"wp","href":"https:\/\/api.w.org\/{rel}","templated":true}]}}