{"id":2392,"date":"2017-02-13T01:49:26","date_gmt":"2017-02-13T00:49:26","guid":{"rendered":"http:\/\/www.capoeira-auvergne.com\/pt\/?page_id=2392"},"modified":"2017-02-13T01:49:26","modified_gmt":"2017-02-13T00:49:26","slug":"logotipo-oficial","status":"publish","type":"page","link":"http:\/\/www.capoeira-auvergne.com\/pt\/logotipo-oficial\/","title":{"rendered":"Log\u00f3tipo oficial"},"content":{"rendered":"<p><strong>Descri\u00e7\u00e3o<\/strong><\/p>\n<p>A figura do Mestre Liminha libertando-se de algemas est\u00e1 inserida em 3 circunfer\u00eancias conc\u00eantricas, sendo a central a \u00fanica que cont\u00e9m cor (degrad\u00ea de vermelho, laranja e amarelo). O texto colocado na parte superior &#8211; \u00ab\u00a0Da Costa Carlos\u00a0\u00bb e \u00ab\u00a0Capoeira Antiga\u00a0\u00bb; o texto colocado na parte inferior &#8211; \u00ab\u00a0Ataare da Costa\u00a0\u00bb, \u00ab\u00a0Liminha D&rsquo;Ogum\u00a0\u00bb e \u00ab\u00a0de 08.08.1964 a 03.11.2005\u00a0\u00bb cont\u00e9m efeito de sombras.<\/p>\n<p><strong>Cor<\/strong><\/p>\n<p>Preto, Vermelho, Laranja, Amarelo, Cinzento e Branco<\/p>\n<p>Forma\u00e7\u00e3o em artes marciais; Representa\u00e7\u00f5es teatrais, espect\u00e1culos musicais; Organiza\u00e7\u00e3o de eventos desportivos e culturais em comunidades.<\/p>\n<p><a href=\"http:\/\/www.capoeira-auvergne.com\/pt\/wp-content\/uploads\/sites\/5\/2017\/02\/Logo-Capoeira-Antiga.jpg\"><img loading=\"lazy\" class=\"aligncenter wp-image-2393 size-full\" src=\"http:\/\/www.capoeira-auvergne.com\/pt\/wp-content\/uploads\/sites\/5\/2017\/02\/Logo-Capoeira-Antiga.jpg\" alt=\"Logo Capoeira Antiga\" width=\"827\" height=\"841\" srcset=\"http:\/\/www.capoeira-auvergne.com\/pt\/wp-content\/uploads\/sites\/5\/2017\/02\/Logo-Capoeira-Antiga.jpg 827w, http:\/\/www.capoeira-auvergne.com\/pt\/wp-content\/uploads\/sites\/5\/2017\/02\/Logo-Capoeira-Antiga-295x300.jpg 295w\" sizes=\"(max-width: 827px) 100vw, 827px\" \/><\/a><\/p>\n<p>&nbsp;<\/p>\n<h6>Fonte : <a title=\"https:\/\/euipo.europa.eu\/eSearch\/#details\/trademarks\/010411619\" href=\"https:\/\/euipo.europa.eu\/eSearch\/#details\/trademarks\/010411619\" target=\"_blank\">https:\/\/euipo.europa.eu\/eSearch\/#details\/trademarks\/010411619<\/a><\/h6>\n","protected":false},"excerpt":{"rendered":"<p>Descri\u00e7\u00e3o A figura do Mestre Liminha libertando-se de algemas est\u00e1 inserida em 3 circunfer\u00eancias conc\u00eantricas, sendo a central a \u00fanica que cont\u00e9m cor (degrad\u00ea de vermelho, laranja e amarelo). O texto colocado na parte superior &#8211; \u00ab\u00a0Da Costa Carlos\u00a0\u00bb e&hellip;<\/p>\n<p class=\"more-link-p\"><a class=\"more-link\" href=\"http:\/\/www.capoeira-auvergne.com\/pt\/logotipo-oficial\/\">Lire plus &rarr;<\/a><\/p>\n","protected":false},"author":4,"featured_media":0,"parent":0,"menu_order":0,"comment_status":"closed","ping_status":"closed","template":"","meta":[],"_links":{"self":[{"href":"http:\/\/www.capoeira-auvergne.com\/pt\/wp-json\/wp\/v2\/pages\/2392"}],"collection":[{"href":"http:\/\/www.capoeira-auvergne.com\/pt\/wp-json\/wp\/v2\/pages"}],"about":[{"href":"http:\/\/www.capoeira-auvergne.com\/pt\/wp-json\/wp\/v2\/types\/page"}],"author":[{"embeddable":true,"href":"http:\/\/www.capoeira-auvergne.com\/pt\/wp-json\/wp\/v2\/users\/4"}],"replies":[{"embeddable":true,"href":"http:\/\/www.capoeira-auvergne.com\/pt\/wp-json\/wp\/v2\/comments?post=2392"}],"version-history":[{"count":1,"href":"http:\/\/www.capoeira-auvergne.com\/pt\/wp-json\/wp\/v2\/pages\/2392\/revisions"}],"predecessor-version":[{"id":2394,"href":"http:\/\/www.capoeira-auvergne.com\/pt\/wp-json\/wp\/v2\/pages\/2392\/revisions\/2394"}],"wp:attachment":[{"href":"http:\/\/www.capoeira-auvergne.com\/pt\/wp-json\/wp\/v2\/media?parent=2392"}],"curies":[{"name":"wp","href":"https:\/\/api.w.org\/{rel}","templated":true}]}}