{"id":2352,"date":"2016-10-09T22:14:23","date_gmt":"2016-10-09T21:14:23","guid":{"rendered":"http:\/\/www.capoeira-auvergne.com\/pt\/?page_id=2352"},"modified":"2019-10-15T02:03:37","modified_gmt":"2019-10-15T01:03:37","slug":"projeto-actividades-curriculares","status":"publish","type":"page","link":"http:\/\/www.capoeira-auvergne.com\/pt\/projeto-actividades-curriculares\/","title":{"rendered":"Capoeira Antiga Projeto Actividades Curriculares \u00c9poca 2019\/2020"},"content":{"rendered":"<p><span id=\"result_box\" lang=\"pt\">Desde a implementa\u00e7\u00e3o da reforma de ritmos escolaires na cidade em Setembro de 2013, a Camara Municipal de Clermont-Ferrand propos as crian\u00e7as de escola elementar, um tempo de actividades <span id=\"result_box\" class=\"short_text\" lang=\"pt\">espec\u00edficas<\/span> :\u00a0\u00ab\u00a0As sextas-feiras descobertas\u00a0\u00bb de 16h30 a 18h00. Este tempo permete entre outros a descoberta de actividades desportivas e culturais atrav\u00e9s de ciclos e inicia\u00e7\u00f5es.\u00a0<\/span><\/p>\n<div class=\"entry-content\">\n<p><strong>Ciclo 1 <\/strong>apartir 07\/10 ao 20\/12 (Escola Elementar Charles Perrault)<\/p>\n<p><strong>Ciclo 2<\/strong> apartir 06\/01 ao 21\/02 (Escola Elementar Jean Mac\u00e9)<\/p>\n<p><strong>Ciclo 3<\/strong> apartir 09\/03 ao 17\/04 ( Escola Elementar Aristide Briand)<\/p>\n<p><strong>Ciclo 4<\/strong> apartir 04\/05 ao 03\/07 (Escola Elementar Pault Bert)<\/p>\n<p>Consulte Agenda 21 Camara Municipal de Clermont-Ferrand :<br \/>\n<a href=\"http:\/\/www.clermont-ferrand.fr\/agenda-21.html\" target=\"_blank\" rel=\"noopener noreferrer\" data-saferedirecturl=\"https:\/\/www.google.com\/url?hl=fr&amp;q=http:\/\/www.clermont-ferrand.fr\/agenda-21.html&amp;source=gmail&amp;ust=1476127821660000&amp;usg=AFQjCNGum2Sm4cCCXKX-Khup0yyXISiXKw\">http:\/\/www.clermont-ferrand.<wbr \/>fr\/agenda-21.html<\/a><\/p>\n<\/div>\n","protected":false},"excerpt":{"rendered":"<p>Desde a implementa\u00e7\u00e3o da reforma de ritmos escolaires na cidade em Setembro de 2013, a Camara Municipal de Clermont-Ferrand propos as crian\u00e7as de escola elementar, um tempo de actividades espec\u00edficas :\u00a0\u00ab\u00a0As sextas-feiras descobertas\u00a0\u00bb de 16h30 a 18h00. Este tempo permete&hellip;<\/p>\n<p class=\"more-link-p\"><a class=\"more-link\" href=\"http:\/\/www.capoeira-auvergne.com\/pt\/projeto-actividades-curriculares\/\">Lire plus &rarr;<\/a><\/p>\n","protected":false},"author":4,"featured_media":0,"parent":0,"menu_order":0,"comment_status":"closed","ping_status":"closed","template":"","meta":[],"_links":{"self":[{"href":"http:\/\/www.capoeira-auvergne.com\/pt\/wp-json\/wp\/v2\/pages\/2352"}],"collection":[{"href":"http:\/\/www.capoeira-auvergne.com\/pt\/wp-json\/wp\/v2\/pages"}],"about":[{"href":"http:\/\/www.capoeira-auvergne.com\/pt\/wp-json\/wp\/v2\/types\/page"}],"author":[{"embeddable":true,"href":"http:\/\/www.capoeira-auvergne.com\/pt\/wp-json\/wp\/v2\/users\/4"}],"replies":[{"embeddable":true,"href":"http:\/\/www.capoeira-auvergne.com\/pt\/wp-json\/wp\/v2\/comments?post=2352"}],"version-history":[{"count":9,"href":"http:\/\/www.capoeira-auvergne.com\/pt\/wp-json\/wp\/v2\/pages\/2352\/revisions"}],"predecessor-version":[{"id":2607,"href":"http:\/\/www.capoeira-auvergne.com\/pt\/wp-json\/wp\/v2\/pages\/2352\/revisions\/2607"}],"wp:attachment":[{"href":"http:\/\/www.capoeira-auvergne.com\/pt\/wp-json\/wp\/v2\/media?parent=2352"}],"curies":[{"name":"wp","href":"https:\/\/api.w.org\/{rel}","templated":true}]}}