{"id":1959,"date":"2014-09-25T14:18:22","date_gmt":"2014-09-25T13:18:22","guid":{"rendered":"http:\/\/www.capoeira-auvergne.com\/pt\/?page_id=1959"},"modified":"2014-09-25T17:37:41","modified_gmt":"2014-09-25T16:37:41","slug":"termos-condicoes-venda","status":"publish","type":"page","link":"http:\/\/www.capoeira-auvergne.com\/pt\/termos-condicoes-venda\/","title":{"rendered":"Termos de condi\u00e7\u00f5es de venda"},"content":{"rendered":"<p><span id=\"result_box\" class=\"\" lang=\"pt\"><strong><span class=\"hps\">Inform\u00e1tica<\/span> <span class=\"hps\">e liberdade<\/span> <\/strong><\/span><\/p>\n<p><strong><span class=\"hps\">Todos os<\/span> <span class=\"hps\">dados informados pela<\/span> c<span class=\"hps\">apoeira<\/span><span class=\"atn\">-a<\/span>uvergne.com, s<span class=\"hps\">\u00e3o<\/span> <span class=\"hps\">exclusivamente<\/span> <span class=\"hps\">dedicados a<\/span> c<span class=\"hps\">apoeira<\/span><span class=\"atn\">-a<\/span><span class=\"\">uvergne.<\/span> <\/strong><br \/>\n<span class=\"hps\">De acordo com<\/span> <span class=\"hps\">a lei<\/span> <span class=\"hps\">n \u00b0 78-17<\/span> <span class=\"hps\">de 6 de<\/span> <span class=\"hps\">Janeiro de 1978,<\/span> <span class=\"hps\">qualquer pessoa<\/span> <span class=\"hps\">tem o direito de<\/span> <span class=\"hps\">aceder, modificar,<\/span> <span class=\"hps\">corrigir e eliminar dados<\/span> <span class=\"hps\">que lhe dizem respeito<\/span>, ou enviando um <span class=\"hps\">e-mail para<\/span> <span class=\"hps\">capoeira.antiga<\/span><span class=\"hps\">@<\/span><span class=\"hps\">gmail.com<\/span>, <span class=\"hps\">ou escreva para :<\/span><\/p>\n<p style=\"text-align: center;\"><strong><span class=\"hps\">\u00a0\u00a0\u00a0\u00a0\u00a0\u00a0\u00a0\u00a0 Association<\/span> <span class=\"hps\">Capoeira<\/span> <span class=\"hps\">Antiga<\/span> <span class=\"hps\">Cultura<\/span> <span class=\"hps\">Guerreira<\/span> <span class=\"hps\">Auvergne<\/span><\/strong><br \/>\n<em><span class=\"hps\">3<\/span>, <span class=\"hps\">rue de<\/span> <span class=\"hps\">Gaultier<\/span> <span class=\"hps\">Biauzat<\/span> <\/em><br \/>\n<em><span class=\"hps\">63000 Clermont<\/span> <span class=\"hps\">Ferrand<\/span> <\/em><br \/>\n<em><span class=\"hps\">FRAN\u00c7A<\/span> <\/em><\/p>\n<p><strong><span class=\"hps\">Os Termos e<\/span> <span class=\"hps\">Condi\u00e7\u00f5es de Venda<\/span> <\/strong><br \/>\n<span class=\"hps\">&#8211;<\/span> <span class=\"hps\">Estes termos e condi\u00e7\u00f5es<\/span> <span class=\"hps\">aplicam-se a<\/span> <span class=\"hps\">todas as vendas<\/span>.<br \/>\n<span class=\"hps\">&#8211;<\/span> <span class=\"hps\">O ato de<\/span> <span class=\"hps\">colocar uma ordem,<\/span> <span class=\"hps\">que<\/span>, em nome <span class=\"hps\">do comprador,<\/span> <span class=\"hps\">a aceita\u00e7\u00e3o plena e<\/span> <span class=\"hps\">incondicional de<\/span> <span class=\"hps\">nossas<\/span> <span class=\"hps\">condi\u00e7\u00f5es de venda<\/span>.<br \/>\n<span class=\"hps\">&#8211;<\/span> <span class=\"hps\">Nenhuma condi\u00e7\u00e3o<\/span> <span class=\"hps\">especial<\/span> <span class=\"hps\">pode prevalecer<\/span> <span class=\"hps\">contra os nossos<\/span> <span class=\"hps\">termos e condi\u00e7\u00f5es.<\/span><\/p>\n<p><strong><span class=\"hps\">Receber ordens<\/span> <\/strong><br \/>\n<span class=\"hps\">Encomendas<\/span> <span class=\"hps\">s\u00f3 s\u00e3o obrigat\u00f3rias<\/span> <span class=\"hps\">ap\u00f3s<\/span> <span class=\"hps\">confirma\u00e7\u00e3o<\/span> <span class=\"hps\">por escrito<\/span> <span class=\"hps\">ap\u00f3s<\/span> <span class=\"hps\">a confirma\u00e7\u00e3o do pagamento<\/span> <span class=\"hps\">e<\/span> <span class=\"hps\">aceita\u00e7\u00e3o do pedido<\/span> <span class=\"hps\">remoto<\/span> <span class=\"hps\">por nossa organiza\u00e7\u00e3o<\/span>. <span class=\"hps\">O conte\u00fado do<\/span> <span class=\"hps\">despacho \u00e9<\/span>, conforme especificado na <span class=\"hps\">aceita\u00e7\u00e3o<\/span> <span class=\"hps\">da ordem<\/span>.<br \/>\n<span class=\"hps\">Cancelamento da ordem<\/span>: <span class=\"hps\">qualquer<\/span> <span class=\"hps\">anula\u00e7\u00e3o total ou parcial<\/span> <span class=\"hps\">de<\/span> <span class=\"hps\">encomendas confirmadas<\/span> <span class=\"hps\">por escrito<\/span> <span class=\"hps\">com aviso<\/span> <span class=\"hps\">de<\/span> <span class=\"hps\">o comprador n\u00e3o<\/span> <span class=\"hps\">pode ser aceite<\/span>, a menos que <span class=\"hps\">acordem em contr\u00e1rio.<\/span><\/p>\n<p><strong><span class=\"hps\">Entrega &#8211;<\/span> <span class=\"hps\">Termos<\/span> <\/strong><br \/>\n<span class=\"hps\">A entrega \u00e9 feita<\/span> <span class=\"hps\">pela<\/span> <span class=\"hps\">entrega do produto<\/span> <span class=\"hps\">ao comprador,<\/span> <span class=\"hps\">pelo transportador ou pelo<\/span> <span class=\"hps\">servi\u00e7o<\/span> <span class=\"hps\">postal, (correio).<\/span><span id=\"result_box\" class=\"\" lang=\"pt\"><br \/>\n<strong><span class=\"hps\">Shipping &#8211;<\/span> <span class=\"hps\">Envio<\/span> <\/strong><br \/>\n<span class=\"hps\">&#8211;<\/span> <span class=\"hps\">Os prazos de entrega<\/span> <span class=\"hps\">s\u00e3o apenas indicativos<\/span> <span class=\"hps\">e<\/span> <span class=\"hps\">n\u00e3o pode causar<\/span>, <span class=\"hps\">por parte<\/span> <span class=\"hps\">do comprador,<\/span> <span class=\"hps\">ou para<\/span> <span class=\"hps\">a<\/span> <span class=\"hps\">revoga\u00e7\u00e3o da ordem<\/span> <span class=\"hps\">ou<\/span> <span class=\"hps\">um pedido de<\/span> <span class=\"hps\">indemniza\u00e7\u00e3o<\/span> <span class=\"hps\">em caso de atraso<\/span>, devido \u00e0 <span class=\"hps\">qualquer<\/span> <span class=\"hps\">evento<\/span>.<br \/>\n<span class=\"hps\">&#8211;<\/span> <span class=\"hps\">Em qualquer caso,<\/span> <span class=\"hps\">a entrega a tempo<\/span> <span class=\"hps\">s\u00f3 pode<\/span> <span class=\"hps\">ocorrer se o<\/span> <span class=\"hps\">comprador<\/span> <span class=\"hps\">esteja em dia com<\/span> <span class=\"hps\">suas obriga\u00e7\u00f5es para com<\/span> <span class=\"hps\">n\u00f3s<\/span>, qualquer que seja <span class=\"hps\">a causa de sua<\/span> <span class=\"hps\">eventual falha.<\/span><\/span><\/p>\n<p><strong><span class=\"hps\">Entrega<\/span> <span class=\"hps\">&#8211; Riscos<\/span> <\/strong><br \/>\n<span class=\"hps\">Em todos os casos<\/span>, o produto <span class=\"hps\">viaja<\/span> <span class=\"hps\">com o risco de<\/span> <span class=\"hps\">o comprador<\/span> <span class=\"hps\">a quem ele pertence<\/span>, <span class=\"hps\">em caso de<\/span> <span class=\"hps\">danificados ou ausentes<\/span>, tornando <span class=\"hps\">qualquer conclus\u00e3o<\/span> <span class=\"hps\">necess\u00e1ria e<\/span> <span class=\"hps\">confirmar<\/span> <span class=\"hps\">quaisquer reservas ou<\/span> <span class=\"hps\">documento<\/span> <span class=\"hps\">extrajudicial<\/span> <span class=\"hps\">por<\/span> <span class=\"hps\">carta registrada<\/span> <span class=\"hps\">com aviso de recebimento<\/span> <span class=\"hps\">com a transportadora<\/span> <span class=\"hps\">dentro de dois dias<\/span> <span class=\"hps\">do recebimento da mercadoria<\/span>.<\/p>\n<p><strong><span class=\"hps\">Recep\u00e7\u00e3o<\/span> <\/strong><br \/>\n<span class=\"hps\">&#8211;<\/span> <span class=\"hps\">Sem preju\u00edzo do disposto<\/span> <span class=\"hps\">a tomar<\/span> <span class=\"hps atn\">vis-\u00e0-<\/span>vis <span class=\"hps\">a transportadora<\/span>, <span class=\"hps\">as suas reclama\u00e7\u00f5es,<\/span> <span class=\"hps\">sobre os<\/span> <span class=\"hps\">defeitos ou<\/span> <span class=\"hps\">n\u00e3o conformidade<\/span> <span class=\"hps\">do produto entregue<\/span> <span class=\"hps\">com o produto encomendado<\/span> <span class=\"hps\">ou guia de remessa<\/span> <span class=\"hps\">deve ser feita por<\/span> <span class=\"hps\">escrito, no prazo<\/span> <span class=\"hps\">de 7<\/span> <span class=\"hps\">dias a partir da<\/span> <span class=\"hps\">data de<\/span> <span class=\"hps\">recebimento da mercadoria<\/span> <span class=\"hps\">pelo comprador<\/span>.<br \/>\n<span class=\"hps\">&#8211;<\/span> <span class=\"hps\">Cabe<\/span> <span class=\"hps\">ao comprador<\/span> <span class=\"hps\">de comprovar<\/span> <span class=\"hps\">a realidade de<\/span> <span class=\"hps\">quaisquer defeitos ou<\/span> <span class=\"hps\">anomalias.<\/span><br \/>\n<span class=\"hps\">&#8211;<\/span> <span class=\"hps\">O comprador<\/span> <span class=\"hps\">deve deixar-nos<\/span> <span class=\"hps\">todas as oportunidades para<\/span> <span class=\"hps\">fazer uma<\/span> <span class=\"hps\">constata\u00e7\u00e3o<\/span> <span class=\"hps\">de quaisquer defeitos<\/span> <span class=\"hps\">que nos permitam<\/span> <span class=\"hps\">remediar<\/span>.<br \/>\n<span class=\"hps\">&#8211;<\/span> <span class=\"hps\">O comprador<\/span> <span class=\"hps\">ir\u00e1 proibir<\/span> <span class=\"hps\">qualquer interven\u00e7\u00e3o t\u00e9cnica<\/span> <span class=\"hps\">no equipamento<\/span> <span class=\"hps\">podem estar envolvidos,<\/span> <span class=\"hps\">esta cl\u00e1usula<\/span> <span class=\"hps\">aplica-se especialmente<\/span> <span class=\"hps\">a terceiros<\/span>, mesmo que <span class=\"hps\">de forma errada<\/span> <span class=\"hps\">as instru\u00e7\u00f5es do<\/span> <span class=\"hps\">comprador.<\/span><\/p>\n<p><strong><span class=\"hps\">Voltar &#8211;<\/span> <span class=\"hps\">Detalhes<\/span><\/strong><br \/>\n<strong><span class=\"hps\">&#8211; Todos os<\/span> <span class=\"hps\">retornos devem incluir<\/span> <span class=\"hps\">uma fotoc\u00f3pia<\/span> <span class=\"hps\">da factura e<\/span> <span class=\"hps\">uma carta de<\/span> <span class=\"hps\">volta.<\/span> <\/strong><br \/>\n<strong>&#8211; <span class=\"hps\">Os custos<\/span> <span class=\"hps\">e os riscos de<\/span> <span class=\"hps\">retorno<\/span> <span class=\"hps\">permanecem sob a responsabilidade<\/span> <span class=\"hps\">do comprador.<\/span> <\/strong><br \/>\n<strong>&#8211; <span class=\"hps\">Aconselhamo-lo a<\/span> <span class=\"hps\">garantir que seus<\/span> <span class=\"hps\">embarques para<\/span> <span class=\"hps\">o valor de<\/span> <span class=\"hps\">sua conta.<\/span> <\/strong><\/p>\n<p><strong><span class=\"hps\">Garantia<\/span> <span class=\"hps\">Geral<\/span> <\/strong><br \/>\n<span class=\"hps\">Os<\/span> <span class=\"hps\">produtos em nossa loja<\/span> <span class=\"hps\">apresenta<\/span> <span class=\"hps\">qualquer possibilidade de<\/span> <span class=\"hps\">garantia.<\/span><\/p>\n<p><strong><span class=\"hps\">Pre\u00e7o<\/span> <\/strong><br \/>\n<span class=\"hps\">&#8211;<\/span> <span class=\"hps\">Os<\/span> <span class=\"hps\">produtos s\u00e3o fornecidos<\/span> <span class=\"hps\">com os pre\u00e7os<\/span> <span class=\"hps\">vigentes<\/span> <span class=\"hps\">no momento da<\/span> <span class=\"hps\">coloca\u00e7\u00e3o da ordem<\/span>.<br \/>\n<span class=\"hps\">&#8211;<\/span> <span class=\"hps\">Os pre\u00e7os s\u00e3o<\/span> <span class=\"hps\">net,<\/span> <span class=\"hps\">incluindo a embalagem<\/span>.<br \/>\n<span class=\"hps\">Todos os<\/span> <span class=\"hps\">impostos, taxas<\/span> <span class=\"hps\">e outras obriga\u00e7\u00f5es<\/span> <span class=\"hps\">diversas<\/span> <span class=\"hps\">no \u00e2mbito dos direitos<\/span> <span class=\"hps\">regulamentos<\/span> <span class=\"hps\">franceses<\/span> <span class=\"hps\">s\u00e3o de responsabilidade<\/span> <span class=\"hps\">do comprador.<\/span><br \/>\n<span class=\"hps\">&#8211;<\/span> <span class=\"hps\">Os pre\u00e7os apresentados<\/span> <span class=\"hps\">no site<\/span> <span class=\"hps\">est\u00e3o sujeitos a<\/span> <span class=\"hps\">altera\u00e7\u00f5es sem aviso pr\u00e9vio<\/span> <span class=\"hps\">de n\u00f3s<\/span> <span class=\"hps\">&#8211;<\/span> <span class=\"hps\">O<\/span> <span class=\"hps\">pre\u00e7o do frete<\/span> <span class=\"hps\">est\u00e1 sujeita a altera\u00e7\u00f5es<\/span> <span class=\"hps\">sem aviso pr\u00e9vio<\/span> <span class=\"hps\">de n\u00f3s<\/span><\/p>\n<p><strong><span class=\"hps\">Faturamento<\/span> <\/strong><br \/>\n<span class=\"hps\">&#8211;<\/span> <span class=\"hps\">Cada<\/span> <span class=\"hps\">entrega vai<\/span> <span class=\"hps\">coincidir com<\/span> <span class=\"hps\">uma factura.<\/span><br \/>\n<span class=\"hps\">&#8211;<\/span> <span class=\"hps\">A data de emiss\u00e3o<\/span> <span class=\"hps\">da nota fiscal<\/span> <span class=\"hps\">\u00e9 a data<\/span> <span class=\"hps\">de vencimento do pagamento<\/span> <span class=\"hps\">por parte do comprador<\/span>.<\/p>\n<p><strong><span class=\"hps\">Pagamento<\/span><\/strong><br \/>\n<span class=\"hps\">Nossas<\/span> <span class=\"hps\">faturas<\/span> <span class=\"hps\">s\u00e3o pagas<\/span> <span class=\"hps\">pelo comprador<\/span>, conforme especificado <span class=\"hps\">nas pr\u00f3prias<\/span> <span class=\"hps\">faturas.<\/span><br \/>\n<span class=\"hps\">Sem pedidos<\/span> <span class=\"hps\">ser\u00e3o enviados<\/span> <span class=\"hps\">sem que o comprador<\/span> <span class=\"hps\">tenha pago<\/span> <span class=\"hps\">o montante devido<\/span><span class=\"\">, conforme indicado<\/span> <span class=\"hps\">na nota fiscal<\/span>, o montante <span class=\"hps\">a pagar<\/span> <span class=\"hps\">pelos meios indicados<\/span> pela mesma<span class=\"hps\"> factura.<\/span>       <\/p>\n","protected":false},"excerpt":{"rendered":"<p>Inform\u00e1tica e liberdade Todos os dados informados pela capoeira-auvergne.com, s\u00e3o exclusivamente dedicados a capoeira-auvergne. De acordo com a lei n \u00b0 78-17 de 6 de Janeiro de 1978, qualquer pessoa tem o direito de aceder, modificar, corrigir e eliminar dados&hellip;<\/p>\n<p class=\"more-link-p\"><a class=\"more-link\" href=\"http:\/\/www.capoeira-auvergne.com\/pt\/termos-condicoes-venda\/\">Lire plus &rarr;<\/a><\/p>\n","protected":false},"author":4,"featured_media":0,"parent":0,"menu_order":0,"comment_status":"closed","ping_status":"closed","template":"","meta":[],"_links":{"self":[{"href":"http:\/\/www.capoeira-auvergne.com\/pt\/wp-json\/wp\/v2\/pages\/1959"}],"collection":[{"href":"http:\/\/www.capoeira-auvergne.com\/pt\/wp-json\/wp\/v2\/pages"}],"about":[{"href":"http:\/\/www.capoeira-auvergne.com\/pt\/wp-json\/wp\/v2\/types\/page"}],"author":[{"embeddable":true,"href":"http:\/\/www.capoeira-auvergne.com\/pt\/wp-json\/wp\/v2\/users\/4"}],"replies":[{"embeddable":true,"href":"http:\/\/www.capoeira-auvergne.com\/pt\/wp-json\/wp\/v2\/comments?post=1959"}],"version-history":[{"count":6,"href":"http:\/\/www.capoeira-auvergne.com\/pt\/wp-json\/wp\/v2\/pages\/1959\/revisions"}],"predecessor-version":[{"id":2004,"href":"http:\/\/www.capoeira-auvergne.com\/pt\/wp-json\/wp\/v2\/pages\/1959\/revisions\/2004"}],"wp:attachment":[{"href":"http:\/\/www.capoeira-auvergne.com\/pt\/wp-json\/wp\/v2\/media?parent=1959"}],"curies":[{"name":"wp","href":"https:\/\/api.w.org\/{rel}","templated":true}]}}