{"id":175,"date":"2013-11-03T16:42:36","date_gmt":"2013-11-03T15:42:36","guid":{"rendered":"http:\/\/www.capoeira-auvergne.com\/?page_id=175"},"modified":"2014-02-11T03:10:39","modified_gmt":"2014-02-11T02:10:39","slug":"maitre-pastinha","status":"publish","type":"page","link":"http:\/\/www.capoeira-auvergne.com\/pt\/maitre-pastinha\/","title":{"rendered":"Mestre Pastinha"},"content":{"rendered":"<div id=\"attachment_398\" style=\"width: 235px\" class=\"wp-caption alignleft\"><a href=\"http:\/\/www.capoeira-auvergne.com\/wp-content\/uploads\/2013\/11\/mestrepastinha.jpg\"><img aria-describedby=\"caption-attachment-398\" loading=\"lazy\" class=\"size-full wp-image-398\" alt=\"Maitre pastinha\" src=\"http:\/\/www.capoeira-auvergne.com\/wp-content\/uploads\/2013\/11\/mestrepastinha.jpg\" width=\"225\" height=\"250\" \/><\/a><p id=\"caption-attachment-398\" class=\"wp-caption-text\">Mestre Pastinha<\/p><\/div>\n<p style=\"text-align: justify;\"><strong>Vincente Ferreira Pastinha, Mestre Pastinha<\/strong> nasceu 5 Abril de 1889 em Salvador da Ba\u03afa (Brasil). Filho de um espanhol e uma m\u00e3e africana.<\/p>\n<p style=\"text-align: justify;\">Com idade ainda pequena, Mestre Pastinha descobre a Capoeira em 1899, pelo motivo de mol\u00e9stia e persegui\u00e7\u00e3o por um rapaz. Na janela de uma das casas de Salvador da Ba\u03afa, estava um velho homem africano que observou tudo que se passou na rua. Com o suscedido, o velho homem ofereceu-se a ensinar-lhe e defender-se do seu opositor.<\/p>\n<p style=\"text-align: justify;\"><strong>Mestre Pastinha conta assim sua hist\u00f3ria :<\/strong><\/p>\n<p style=\"text-align: justify;\">\u00ab Um dia, por uma janela estava um velho africano, assistindo minha luta com um rapaz que me inc\u00f3modava sempre. Depois dessa disputa o velho viu-me chorar de f\u00faria, chamou-me e disse-me; tu n\u00e3o podes brigar com esse moleque, ele \u00e9 muito mais velho que vo\u00e7\u00ea, inv\u00e9s de estares a\u03af esperando o que fazer, vem a minha casa e vou ensinar-te uma coisa muito preciosa. Ent\u00e3o foi aprender com o Mestre Benedito ou Bentinho\u00a0essa arte de lutar, cren\u00e7as e rituais ligados a hist\u00f3ria da Capoeira \u00bb. Em 1901 Mestre Pastinha entrou na escola da Marinha e come\u00e7ou a ensinar Capoeira aos seus colegas at\u00e9 1913. Uma \u00e9poca complicada de praticar pois ela sofria repres\u00e1lias. Em 1941 Mestre Pastinha recome\u00e7ou o seu ensinamento, com sabedoria, reflex\u00e3o e capacidades pr\u00f3prias, evoluiu uma filosofia na Capoeira. Para o Mestre, a arte s\u00f3 n\u00e3o era uma luta mais sim uma arte de viver com seus pr\u00f3prios valores.<\/p>\n<div id=\"attachment_399\" style=\"width: 235px\" class=\"wp-caption alignright\"><a href=\"http:\/\/www.capoeira-auvergne.com\/pt\/wp-content\/uploads\/sites\/5\/2013\/11\/mestrepastinha2.jpg\"><img aria-describedby=\"caption-attachment-399\" loading=\"lazy\" class=\"size-full wp-image-399 \" alt=\"Ma\u00eetre Pastinha\" src=\"http:\/\/www.capoeira-auvergne.com\/pt\/wp-content\/uploads\/sites\/5\/2013\/11\/mestrepastinha2.jpg\" width=\"225\" height=\"237\" \/><\/a><p id=\"caption-attachment-399\" class=\"wp-caption-text\">Mestre Pastinha<\/p><\/div>\n<p style=\"text-align: justify;\">O verdadeiro Capoerista deve respeitar os seus valores em cada momento da vida. Muitos praticantes conservam os valores da Capoeira tradicional ou Capoeira Angola diferenciando a Capoeira Regional de Mestre Bimba, que tamb\u00e9m utilizou movimentos lentos e manhosos.Mestre Pastinha falava que a<\/p>\n<p style=\"text-align: justify;\">Capoeira \u00e9 oriunda de \u00c1frica. Em 1966, Mestre \u00e9 convidado a participar em \u00c1frica no festival de Dakar, capital do Senegal, realizando uma exibi\u00e7\u00e3o de Capoeira. Em 1969 Mestre Pastinha perdeu definitivamente sua vista, mas continou sua pr\u00e1tica. Em 1971 Mestre Pastinha perde sua academia, facto esse que originou um enfraquecimen to do Mestre, causando-lhe uma depress\u00e3o. Em 13 Novembro de 1981 morre Vicente Ferreira Pastinha aos 92 anos. Esquecido por todos, sozinho, desamparado, morre numa grande mis\u00e9ria. Para muitos mestres de Capoeira, Mestre Pastinha \u00e9 considerado o Mestre dos Mestres.<\/p>\n<h5 style=\"text-align: center;\" align=\"CENTER\"><strong>\u00ab\u00a0Ningu\u00e9m pode mostrar tudo o que tem. As entregas e revela\u00e7\u00f5es tem que ser feitas aos poucos, isso serve na Capoeira, na fam\u00edlia, na vida. H\u00e1 segredos que n\u00e3o podem ser revelados a todas as pessoas. H\u00e1 momentos que n\u00e3o podem ser divididos\u00a0\u00bb<\/strong><\/h5>\n<p style=\"text-align: center;\" align=\"center\"><span style=\"font-family: arial,helvetica,sans-serif;\"><strong>\u00a0&#8211; Mestre Vicente Ferreira Pastinha &#8211;<\/strong><\/span><\/p>\n","protected":false},"excerpt":{"rendered":"<p>Vincente Ferreira Pastinha, Mestre Pastinha nasceu 5 Abril de 1889 em Salvador da Ba\u03afa (Brasil). Filho de um espanhol e uma m\u00e3e africana. Com idade ainda pequena, Mestre Pastinha descobre a Capoeira em 1899, pelo motivo de mol\u00e9stia e persegui\u00e7\u00e3o&hellip;<\/p>\n<p class=\"more-link-p\"><a class=\"more-link\" href=\"http:\/\/www.capoeira-auvergne.com\/pt\/maitre-pastinha\/\">Lire plus &rarr;<\/a><\/p>\n","protected":false},"author":2,"featured_media":0,"parent":0,"menu_order":0,"comment_status":"closed","ping_status":"closed","template":"","meta":[],"_links":{"self":[{"href":"http:\/\/www.capoeira-auvergne.com\/pt\/wp-json\/wp\/v2\/pages\/175"}],"collection":[{"href":"http:\/\/www.capoeira-auvergne.com\/pt\/wp-json\/wp\/v2\/pages"}],"about":[{"href":"http:\/\/www.capoeira-auvergne.com\/pt\/wp-json\/wp\/v2\/types\/page"}],"author":[{"embeddable":true,"href":"http:\/\/www.capoeira-auvergne.com\/pt\/wp-json\/wp\/v2\/users\/2"}],"replies":[{"embeddable":true,"href":"http:\/\/www.capoeira-auvergne.com\/pt\/wp-json\/wp\/v2\/comments?post=175"}],"version-history":[{"count":24,"href":"http:\/\/www.capoeira-auvergne.com\/pt\/wp-json\/wp\/v2\/pages\/175\/revisions"}],"predecessor-version":[{"id":1849,"href":"http:\/\/www.capoeira-auvergne.com\/pt\/wp-json\/wp\/v2\/pages\/175\/revisions\/1849"}],"wp:attachment":[{"href":"http:\/\/www.capoeira-auvergne.com\/pt\/wp-json\/wp\/v2\/media?parent=175"}],"curies":[{"name":"wp","href":"https:\/\/api.w.org\/{rel}","templated":true}]}}