{"id":172,"date":"2013-11-03T16:40:05","date_gmt":"2013-11-03T15:40:05","guid":{"rendered":"http:\/\/www.capoeira-auvergne.com\/?page_id=172"},"modified":"2014-02-11T02:49:26","modified_gmt":"2014-02-11T01:49:26","slug":"mestre-bimba","status":"publish","type":"page","link":"http:\/\/www.capoeira-auvergne.com\/pt\/mestre-bimba\/","title":{"rendered":"Mestre Bimba"},"content":{"rendered":"<div id=\"attachment_396\" style=\"width: 186px\" class=\"wp-caption alignleft\"><a href=\"http:\/\/www.capoeira-auvergne.com\/wp-content\/uploads\/2013\/11\/mestrebimba.jpg\"><img aria-describedby=\"caption-attachment-396\" loading=\"lazy\" class=\"size-full wp-image-396\" alt=\"Maitre bimba\" src=\"http:\/\/www.capoeira-auvergne.com\/wp-content\/uploads\/2013\/11\/mestrebimba.jpg\" width=\"176\" height=\"216\" \/><\/a><p id=\"caption-attachment-396\" class=\"wp-caption-text\">Mestre Bimba<\/p><\/div>\n<p style=\"text-align: justify;\"><strong>Manoel dos Reis Machado, Mestre Bimba<\/strong>, nasceu no dia 23 Novembro de 1900 a Salvador da Ba\u03afa, Brasil.<\/p>\n<p style=\"text-align: justify;\">Come\u00e7ou na pr\u00e1tica da Capoeira aos 12 anos de idade, com o africano chamado Benedito ou\u00a0Bentinho que aprendeu em quatro anos, em seguida come\u00e7ou a ensinar Capoeira Angola. Mestre Bimba muito cedo percebeu na sua consci\u00eancia pela perda de efic\u00e1cia na utiliza\u00e7\u00e3o do ataque e defesa, come\u00e7ou o estudo e modo mais eficaz no desenvolvimento da luta.<\/p>\n<p style=\"text-align: justify;\">Em 1930 Mestre Bimba conhece Cisnado, (aluno) que praticava Capoeira com o Mestre. Cisnado tinha um certo conhecimento no jiu-jitsu, boxe e luta grego-romana. Esse encontro mudou completamente a vida de Mestre Bimba, que por sua vez desenvolve sua luta regional ba\u03afana. Mestre Bimba inspirado em outras artes marciais e na luta do batuque brasileiro em que seu pai era campi\u00e3o, deu uma did\u00e1ctica a Capoeira. Inventando movimentos, dando regras estritas na Capoeira.<\/p>\n<p style=\"text-align: justify;\">Na \u00e9poca a Capoeira era mal vista. Mestre Bimba tamb\u00e9m modificou o ritmo da capoeira, deu um aceleramento ao ritmo do jogo, (mudando o conjunto de instrumentos da bateria musical da Capoeira). Em 1932 cria sua pr\u00f3pria academia \u00a0\u00bb Centro de Cultura F\u03afsica e Luta Regional\u00a0\u00bb. Seus praticantes, alunos eram submetidos uma did\u00e1ctica estrita para realiza\u00e7\u00e3o do seu curso. Era necess\u00e1rio uma carta de estudante ou carta de trabalhador e roupa limpa, branca. Mestre Bimba imp\u00f4s valores de uma escola. Essa academia deu acesso as crian\u00e7as e mulheres que na altura eram exclu\u00eddas da Capoeira. Mestre Bimba foi convidado a realizar uma apresenta\u00e7\u00e3o ao presidente da rep\u00fablica, G\u00e9tulio Vargas nos anos trinta. Contente com apresenta\u00e7\u00e3o concede arte da Capoeira. A lei Sampaio Ferraz \u00e9 renovada. Mestre Bimba recebe um diploma como educador nacional. Em <a href=\"http:\/\/www.capoeira-auvergne.com\/pt\/wp-content\/uploads\/sites\/5\/2013\/11\/imagesCAL10OY4.jpg\"><img loading=\"lazy\" class=\"alignright\" alt=\"imagesCAL10OY4\" src=\"http:\/\/www.capoeira-auvergne.com\/pt\/wp-content\/uploads\/sites\/5\/2013\/11\/imagesCAL10OY4.jpg\" width=\"153\" height=\"185\" \/><\/a>1937 academia de Bimba admite uma autoriza\u00e7\u00e3o oficial para ensinar Capoeira.<\/p>\n<p style=\"text-align: justify;\">Seu trabalho cont\u03afnou a viajar em todo o Brasil. Dias depois ter dado entrada no hospital em 5 Fevereiro de 1974, morre Mestre Bimba. Mestre Bimba \u00e9 considerado hoje em dia como pai da Capoeira moderna, seus valores s\u00e3o ensinados em toda parte do planeta. Com ele a Capoeira se exportou, hoje no Brasil \u00e9 considerada como patrim\u00f3nio do pa\u00eds.<\/p>\n<h5 style=\"text-align: center;\">\u00a0\u00a0\u00a0\u00a0\u00a0\u00a0\u00a0\u00a0\u00a0\u00a0\u00a0\u00a0\u00a0\u00a0\u00a0\u00a0\u00a0\u00a0 <strong>\u00ab\u00a0A Capoeira foi feita para todos mas nem todos foram feitos para ela. \u00ab\u00a0<\/strong><\/h5>\n<p style=\"text-align: center;\"><strong>&#8211; Mestre Bimba-<\/strong><\/p>\n<p>&nbsp;       <\/p>\n","protected":false},"excerpt":{"rendered":"<p>Manoel dos Reis Machado, Mestre Bimba, nasceu no dia 23 Novembro de 1900 a Salvador da Ba\u03afa, Brasil. Come\u00e7ou na pr\u00e1tica da Capoeira aos 12 anos de idade, com o africano chamado Benedito ou\u00a0Bentinho que aprendeu em quatro anos, em&hellip;<\/p>\n<p class=\"more-link-p\"><a class=\"more-link\" href=\"http:\/\/www.capoeira-auvergne.com\/pt\/mestre-bimba\/\">Lire plus &rarr;<\/a><\/p>\n","protected":false},"author":2,"featured_media":0,"parent":0,"menu_order":0,"comment_status":"closed","ping_status":"closed","template":"","meta":[],"_links":{"self":[{"href":"http:\/\/www.capoeira-auvergne.com\/pt\/wp-json\/wp\/v2\/pages\/172"}],"collection":[{"href":"http:\/\/www.capoeira-auvergne.com\/pt\/wp-json\/wp\/v2\/pages"}],"about":[{"href":"http:\/\/www.capoeira-auvergne.com\/pt\/wp-json\/wp\/v2\/types\/page"}],"author":[{"embeddable":true,"href":"http:\/\/www.capoeira-auvergne.com\/pt\/wp-json\/wp\/v2\/users\/2"}],"replies":[{"embeddable":true,"href":"http:\/\/www.capoeira-auvergne.com\/pt\/wp-json\/wp\/v2\/comments?post=172"}],"version-history":[{"count":31,"href":"http:\/\/www.capoeira-auvergne.com\/pt\/wp-json\/wp\/v2\/pages\/172\/revisions"}],"predecessor-version":[{"id":1845,"href":"http:\/\/www.capoeira-auvergne.com\/pt\/wp-json\/wp\/v2\/pages\/172\/revisions\/1845"}],"wp:attachment":[{"href":"http:\/\/www.capoeira-auvergne.com\/pt\/wp-json\/wp\/v2\/media?parent=172"}],"curies":[{"name":"wp","href":"https:\/\/api.w.org\/{rel}","templated":true}]}}