{"id":136,"date":"2013-11-03T15:11:10","date_gmt":"2013-11-03T14:11:10","guid":{"rendered":"http:\/\/www.capoeira-auvergne.com\/?page_id=136"},"modified":"2014-02-11T03:45:32","modified_gmt":"2014-02-11T02:45:32","slug":"jagas","status":"publish","type":"page","link":"http:\/\/www.capoeira-auvergne.com\/pt\/jagas\/","title":{"rendered":"Jagas"},"content":{"rendered":"<p style=\"text-align: justify;\"><a href=\"http:\/\/www.capoeira-auvergne.com\/wp-content\/uploads\/2013\/11\/Jagas.jpg\"><img loading=\"lazy\" class=\"size-full wp-image-1024 alignleft\" alt=\"Jagas\" src=\"http:\/\/www.capoeira-auvergne.com\/wp-content\/uploads\/2013\/11\/Jagas.jpg\" width=\"223\" height=\"233\" srcset=\"http:\/\/www.capoeira-auvergne.com\/pt\/wp-content\/uploads\/sites\/5\/2013\/11\/Jagas.jpg 223w, http:\/\/www.capoeira-auvergne.com\/pt\/wp-content\/uploads\/sites\/5\/2013\/11\/Jagas-141x148.jpg 141w, http:\/\/www.capoeira-auvergne.com\/pt\/wp-content\/uploads\/sites\/5\/2013\/11\/Jagas-29x31.jpg 29w, http:\/\/www.capoeira-auvergne.com\/pt\/wp-content\/uploads\/sites\/5\/2013\/11\/Jagas-36x38.jpg 36w, http:\/\/www.capoeira-auvergne.com\/pt\/wp-content\/uploads\/sites\/5\/2013\/11\/Jagas-205x215.jpg 205w\" sizes=\"(max-width: 223px) 100vw, 223px\" \/><\/a>Nos s\u00e9culos XIII e XIV, os Jagas eram considerados na\u00e7\u00f5es ou povos guerreiros que existiram em \u00c1frica. Os portugueses designavam estas tribos por Jagas ou Imbengalas, provenientes da Serra Leoa. As carnes de vaca como de cabra n\u00e3o eram suas brefer\u00eancias, alimentavam-se de carne humana. Eram aproximadamente uma horda de 12000 negros, sem resid\u00eancia pr\u00f3pria. Seus comportamentos de conquista, fizeram que percorresem pela costa litoral do Golfe da Gu\u03afne at\u00e9 ao sul de Angola.<\/p>\n<p style=\"text-align: justify;\">Na \u00e9poca tamb\u00e9m existiam outros povos guerreiros como os Anzicos que tamb\u00e9m participavam nas ondas avassaladoras do Congo, (Zaire), obrigando por vezes o rei congol\u00eas a refugiar-se. Estes b\u00e1rbaros atacavam repentinamente povoa\u00e7\u00f5es, saqueando o que encontravam pela frente, devastando, queimando e destruindo tudo. Os acampamentos, eram construidos em formas circulares. Procurando sempre zonas de repouso com prefer\u00eancia com precip\u03afcio.<\/p>\n<p style=\"text-align: justify;\">O chefe da tribo era o principal respons\u00e1vel da escolha estrat\u00e9gica pelos locais de perman\u00eancia com maior seguridade. O chefe principal vivia no centro dos acampamentos, acompanhado por servos e guardas, residindo no c\u03afrculo mais interno do regimento. A separa\u00e7\u00e3o do chefe com seus vizinhos era dividida com fortes grades e cancelas, cada oficial ou comandante tinha uma import\u00e2ncia por cada sec\u00e7\u00e3o de blocos, dividido por v\u00e1rios.<\/p>\n<p style=\"text-align: justify;\">Em cada bloco as casas estavam apertadas umas as outras, proporcionando assim um sistema de seguran\u00e7a muito eficaz. Os ocupantes colocavam suas armas as entradas das habita\u00e7\u00f5es, com objectivo de prever as condi\u00e7\u00f5es incertas de ataque ou defesa, podendo mobilizar todos os membros do Quilombo. Alojavam-se em terras, onde existia muita abund\u00e2ncia de palmeiras, retiravam o \u00f3leo da \u00e1rvore, alimentavam-se do vinho e frutos.<\/p>\n<p style=\"text-align: justify;\">Permaneciam pouco tempo no mesmo lugar, s\u00f3 quando tinham outras provi\u00e7\u00f5es; como as colheitas, permaneciam com mais tempo. Atacavam e roubavam o gado alheiro, n\u00e3o gostavam de plantar e t\u00e3o pouco criar gado. Alimentado-se atrav\u00e9s dos saqueamentos das povoa\u00e7\u00f5es vizinhas. Seu pontencial de ataque era surpresa, uma t\u00e1ctica operacional eficaz.<\/p>\n<p style=\"text-align: justify;\">Quando eram atacados posicionavam-se na defensiva, deixando dois ou tr\u00eas guerreiros ao inimigo para abrandar-lhes o ataque, regressando em seguida ao ataque com muita f\u00faria. Seus oponentes n\u00e3o suportavam o ataque em massa das for\u00e7as combinadas em suas ast\u00facias. As emboscadas eram realizadas quase sempre a noite, munidos por dois flancos, deixavam cair tristemente os inimigos ao implanc\u00e1vel dom\u03afnio.<\/p>\n<p style=\"text-align: justify;\"><a href=\"http:\/\/www.capoeira-auvergne.com\/pt\/wp-content\/uploads\/sites\/5\/2013\/11\/ACBVCBDCARR9EX2CAIQIFCMCA9NENIRCAI5XQA2CASL9E2TCAD4X3QQCAE4I2ODCAU0STOMCAT7VOQUCAQ5NGBRCAXKYQOBCAAC2D7UCAU5AFDQCA2HWL91CAY9ITWPCA2IXF4OCA34XKJECA2W71M0.jpg\"><img loading=\"lazy\" class=\"alignright\" alt=\"ACBVCBDCARR9EX2CAIQIFCMCA9NENIRCAI5XQA2CASL9E2TCAD4X3QQCAE4I2ODCAU0STOMCAT7VOQUCAQ5NGBRCAXKYQOBCAAC2D7UCAU5AFDQCA2HWL91CAY9ITWPCA2IXF4OCA34XKJECA2W71M0\" src=\"http:\/\/www.capoeira-auvergne.com\/pt\/wp-content\/uploads\/sites\/5\/2013\/11\/ACBVCBDCARR9EX2CAIQIFCMCA9NENIRCAI5XQA2CASL9E2TCAD4X3QQCAE4I2ODCAU0STOMCAT7VOQUCAQ5NGBRCAXKYQOBCAAC2D7UCAU5AFDQCA2HWL91CAY9ITWPCA2IXF4OCA34XKJECA2W71M0.jpg\" width=\"128\" height=\"121\" \/><\/a>Eram homens fortes de alta estatura, bem equipados com facas, escudos, lan\u00e7as, arcos, flechas e azagaias. As mulheres n\u00e3o criavam seus filhos, mais sim adoptavam adolescentes capturados em guerra. Os rec\u00e9m-nascidos eram abandonados nas matas. Os jovens capturados mais tarde participavam nos combates, tinham ordem de conseguir a cabe\u00e7a dos inimigos, como prova de virilidade e consentimento ao chefe Jaga. Pelo gesto alcan\u00e7ado, os jovens guerreiros tornariam-se homens livres.<\/p>\n<p style=\"text-align: justify;\">Vindo do norte litoral do Congo, o rei Zimbo, Jaga, dividio seu exercito. Uma de suas mulheres chamada Temba-Nduma, seguio para Serra Leoa. Quizuva, mais tarde perderia a conquista de Mo\u00e7ambique aos Portugueses em T\u00e9t\u00e9.<\/p>\n<p style=\"text-align: justify;\">O rei Zimbo tamb\u00e9m foi derrutado em Melinde, vindo mais tarde estabelecer-se a (Matamba), no interior de Angola em 1570, onde deu-se a fus\u00e3o entre os povos locais, dando origem ao povo Imbangola ou Imbangala nos finais do s\u00e9culo XV. Constitu\u03afram v\u00e1rios reinos do Hu\u03afla, Humbi e Matamba, desceram at\u00e9 Cassange e Benguela pelo alto do Cunene. Mas tarde conquistaram o reino do Ndongo que por sua vez entregou a seu filho Ngola Kiluanji I. Originando a linhagem da famosa rainha Ginga de (Matamba), Angola.<\/p>\n","protected":false},"excerpt":{"rendered":"<p>Nos s\u00e9culos XIII e XIV, os Jagas eram considerados na\u00e7\u00f5es ou povos guerreiros que existiram em \u00c1frica. Os portugueses designavam estas tribos por Jagas ou Imbengalas, provenientes da Serra Leoa. As carnes de vaca como de cabra n\u00e3o eram suas&hellip;<\/p>\n<p class=\"more-link-p\"><a class=\"more-link\" href=\"http:\/\/www.capoeira-auvergne.com\/pt\/jagas\/\">Lire plus &rarr;<\/a><\/p>\n","protected":false},"author":1,"featured_media":0,"parent":0,"menu_order":0,"comment_status":"closed","ping_status":"closed","template":"","meta":[],"_links":{"self":[{"href":"http:\/\/www.capoeira-auvergne.com\/pt\/wp-json\/wp\/v2\/pages\/136"}],"collection":[{"href":"http:\/\/www.capoeira-auvergne.com\/pt\/wp-json\/wp\/v2\/pages"}],"about":[{"href":"http:\/\/www.capoeira-auvergne.com\/pt\/wp-json\/wp\/v2\/types\/page"}],"author":[{"embeddable":true,"href":"http:\/\/www.capoeira-auvergne.com\/pt\/wp-json\/wp\/v2\/users\/1"}],"replies":[{"embeddable":true,"href":"http:\/\/www.capoeira-auvergne.com\/pt\/wp-json\/wp\/v2\/comments?post=136"}],"version-history":[{"count":14,"href":"http:\/\/www.capoeira-auvergne.com\/pt\/wp-json\/wp\/v2\/pages\/136\/revisions"}],"predecessor-version":[{"id":1852,"href":"http:\/\/www.capoeira-auvergne.com\/pt\/wp-json\/wp\/v2\/pages\/136\/revisions\/1852"}],"wp:attachment":[{"href":"http:\/\/www.capoeira-auvergne.com\/pt\/wp-json\/wp\/v2\/media?parent=136"}],"curies":[{"name":"wp","href":"https:\/\/api.w.org\/{rel}","templated":true}]}}