{"id":123,"date":"2013-11-03T15:06:28","date_gmt":"2013-11-03T14:06:28","guid":{"rendered":"http:\/\/www.capoeira-auvergne.com\/?page_id=123"},"modified":"2020-03-10T22:35:36","modified_gmt":"2020-03-10T21:35:36","slug":"toussaint-louverture","status":"publish","type":"page","link":"http:\/\/www.capoeira-auvergne.com\/pt\/toussaint-louverture\/","title":{"rendered":"Toussaint Louverture"},"content":{"rendered":"<p><a href=\"http:\/\/www.capoeira-auvergne.com\/wp-content\/uploads\/2013\/11\/Toussaint.jpg\"><img loading=\"lazy\" class=\"size-medium wp-image-495 alignleft\" src=\"http:\/\/www.capoeira-auvergne.com\/wp-content\/uploads\/2013\/11\/Toussaint-239x300.jpg\" alt=\"Toussaint\" width=\"239\" height=\"300\" srcset=\"http:\/\/www.capoeira-auvergne.com\/pt\/wp-content\/uploads\/sites\/5\/2013\/11\/Toussaint-239x300.jpg 239w, http:\/\/www.capoeira-auvergne.com\/pt\/wp-content\/uploads\/sites\/5\/2013\/11\/Toussaint.jpg 275w\" sizes=\"(max-width: 239px) 100vw, 239px\" \/><\/a>Nasceu em S\u00e3o Domingo (Ha\u03afti) antiga colonia francesa, entre 1743 e 1746. Foi s\u03afmbolo da liberdade negra nas Am\u00e9ricas, esteve fortemente relacionado com independ\u00eancia do (Ha\u00edti). Foi alforriado pelo seu senhor e distinguiu como cocheiro privado, uma cat\u00e9goria bem apreciada no pessoal dom\u00e9stico da \u00e9poca, trabalhou at\u00e9 aos 35 anos com conde No\u00e9, fam\u03aflia Br\u00e9da.<\/p>\n<p>Toussaint fez escolinha com seu padrinho professor Pierre Baptiste, aprendeu no\u00e7\u00f5es gerais e aperfei\u00e7ou conhecimentos de fran\u00e7\u00eas. O seu aprendizado foi inovador pela curiosidade em ler alguns livros da \u00e9poca da corrente revolucion\u00e1ria que germinava toda Europa. Viveu na burguesia, benefeciou dias calmos at\u00e9 aos 40 anos em que insurrei\u00e7\u00e3o geral dos escravos veio desperta-lo num cumprir de mandato. As doen\u00e7as transportadas pelos europeus e persegui\u00e7\u00f5es aos nativos de S\u00e3o Domingo, originou o exterm\u03afnio total das popula\u00e7\u00f5es ind\u00edgenas.<\/p>\n<p>Os negros de \u00c1frica s\u00e3o levados em massa para trabalhos nas ilhas, campos de lavouras, minas e fazendas. Uma cruel explora\u00e7\u00e3o humana sem descanso aos negros, retirando os direitos pela liberdade.<\/p>\n<p>Em 1791, S\u00e3o Domingo vivia um momento de grande tranquilidade, uma popula\u00e7\u00e3o branca de 30000 habitantes e outros homens livres, mulatos e 405000 escravos. A popula\u00e7\u00e3o demonstrava um descontentamento contra o regime de trabalho e um desnivelamento das classes sociais provocando convul\u00e7\u00f5es na sociedade. Toussaint incorporou-se numa rebeli\u00e3o guerreira de Boston.<\/p>\n<p>Uma Coluna militar comandada por um chefe negro que combatia contra coloniza\u00e7\u00e3o francesa, com <a href=\"http:\/\/www.capoeira-auvergne.com\/wp-content\/uploads\/2013\/11\/jean-jacques-dessalines_1646662.jpg\"><img loading=\"lazy\" class=\"alignleft\" src=\"http:\/\/www.capoeira-auvergne.com\/wp-content\/uploads\/2013\/11\/jean-jacques-dessalines_1646662-200x300.jpg\" alt=\"jean-jacques-dessalines_~1646662\" width=\"157\" height=\"181\" \/><\/a>armas e muni\u00e7\u00f5es, ajudado pelos espanh\u00f3is. Os ataques era destruir as instala\u00e7\u00f5es, colocando fogo as planta\u00e7\u00f5es e habita\u00e7\u00f5es, deixando tudo em cinzas. Toussaint recebe o t\u03aftulo de Tenente-Coronel. Na \u00e9poca da revolu\u00e7\u00e3o francesa a conven\u00e7\u00e3o nacional apresentava direitos humanos, alforria aos escravos. Isto levou Toussaint a incorporasse no exercito fran\u00e7\u00eas ao comando de 4000 homens disciplinados para expulsarem os Ingleses de S\u00e3o Domingo. Uma guerra j\u00e1 gerada em toda Europa.<\/p>\n<p style=\"text-align: justify;\"><a href=\"http:\/\/www.capoeira-auvergne.com\/wp-content\/uploads\/2013\/11\/Toussaint2.jpg\"><img loading=\"lazy\" class=\" wp-image-496 alignright\" src=\"http:\/\/www.capoeira-auvergne.com\/wp-content\/uploads\/2013\/11\/Toussaint2-300x122.jpg\" alt=\"Toussaint2\" width=\"310\" height=\"169\" \/><\/a>Toussaint de general brigadeiro, \u00e9 promovido, general chefe do exercito fran\u00e7\u00eas. Com diplomacia e armas, ganhou outro afrontamento aos ingleses que atacavam a ilha.<\/p>\n<p style=\"text-align: justify;\">Toussaint j\u00e1 era conhecido como esp\u00e1rtaco antilhano. Disciplinou seu exercito num modo europeu, teve sempre ao comando de suas tropas. Organizou arsenais e parques, lutou ao lado dos espanh\u00f3\u03afs, dominou os fran\u00e7eses, deteve os ingleses. Sua capacidade militar e rapidez de manobras, fez que fosse proclamado napole\u00e3o das Antilhas.<\/p>\n<p style=\"text-align: justify;\">Toussaint era um organizador incans\u00e1vel. Fundou uma resist\u00eancia de bases econ\u00f3micas, fermentou e conservou as lavouras, criou escolas, instalou hospitais, etc. As leituras e conhecimentos rudimentares adquiridas no passado e tratamento de plantas medicinais fez que Toussaint exercesse um papel de guerreiro tel\u00fario, actuando de m\u00e9dico no comando da unidade revolucion\u00e1ria. No ano de 1801 enviou uma carta promulgada, pedindo uma constitui\u00e7\u00e3o de 10 membros com objectivo de criar uma soberania e na\u00e7\u00e3o.<\/p>\n<p style=\"text-align: justify;\">A Fran\u00e7a reconhecia S\u00e3o Domingo, (Ha\u00edti) como parte de seu imp\u00e9rio. Os colonos eram beneficiados pelas leis particulares do golpe de estado de 18 Brumarion. A Espanha em 1795 deu parte do leste da ilha a Fran\u00e7a mas n\u00e3o foi operacional. Toussaint vence seus rivais e domina toda ilha com 25000 homens. Sua grandeza foi grande e despertou Napole\u00e3o Bonaparte. Napole\u00e3o desconfiado e preocupado enviou a ilha um exercito de 20000 veteranos as ordens de Leclerc, seu cunhado e marido de Paula Bonaparte. Toussaint revoltado, rebela-se contra colonia francesa, ficando do lado dos irm\u00e3os que combatiam pela liberdade.<\/p>\n<p style=\"text-align: justify;\"><a href=\"http:\/\/www.capoeira-auvergne.com\/wp-content\/uploads\/2013\/11\/Toussaint3.jpg\"><img loading=\"lazy\" class=\"size-full wp-image-498 alignright\" src=\"http:\/\/www.capoeira-auvergne.com\/wp-content\/uploads\/2013\/11\/Toussaint3.jpg\" alt=\"(Microsoft Word - Toussaint Louverture Portugu352s 5.rtf)\" width=\"300\" height=\"186\" \/><\/a>Em 6 Fevereiro de 1802, Leclerc chega a ilha, derrutando toda resist\u00eancia de Toussaint e colaboradores. Queimou casas, engenhos e destruiu as planta\u00e7\u00f5es, arrasando toda ilha. No mesmo ano 5 Maio, Toussaint \u00e9 obrigado aceitar um acordo de paz oferecido pela Fran\u00e7a.<\/p>\n<p style=\"text-align: justify;\">Mas retira-se das fun\u00e7\u00f5es, vivendo afastado da causa. Foi detido 10 Junho de 1802. Foi transportado para Fran\u00e7a como prisioneiro de guerra, detido, sofre maus tratos nas frias e sujas masmorras. Morre 7 Abril de 1803. O general Toussaint foi quem come\u00e7ou os primeiros passos pela emancipa\u00e7\u00e3o dos negros rumo a independ\u00eancia do Ha\u03afti, celebrada 1 Janeiro de 1804. \u00c9 o primeiro pa\u03afs da Am\u00e9rica-Saxona emancipar-se, conquistando sua liberdade. Toussaint desafiou o grande Napole\u00e3o Bonaparte. O humilde escravo de Br\u00e9da \u00e9 considerado o maior capit\u00e3o da hist\u00f3ria contempor\u00e2nia contra coloniza\u00e7\u00e3o.<\/p>\n","protected":false},"excerpt":{"rendered":"<p>Nasceu em S\u00e3o Domingo (Ha\u03afti) antiga colonia francesa, entre 1743 e 1746. Foi s\u03afmbolo da liberdade negra nas Am\u00e9ricas, esteve fortemente relacionado com independ\u00eancia do (Ha\u00edti). Foi alforriado pelo seu senhor e distinguiu como cocheiro privado, uma cat\u00e9goria bem apreciada&hellip;<\/p>\n<p class=\"more-link-p\"><a class=\"more-link\" href=\"http:\/\/www.capoeira-auvergne.com\/pt\/toussaint-louverture\/\">Lire plus &rarr;<\/a><\/p>\n","protected":false},"author":2,"featured_media":0,"parent":0,"menu_order":0,"comment_status":"closed","ping_status":"closed","template":"","meta":[],"_links":{"self":[{"href":"http:\/\/www.capoeira-auvergne.com\/pt\/wp-json\/wp\/v2\/pages\/123"}],"collection":[{"href":"http:\/\/www.capoeira-auvergne.com\/pt\/wp-json\/wp\/v2\/pages"}],"about":[{"href":"http:\/\/www.capoeira-auvergne.com\/pt\/wp-json\/wp\/v2\/types\/page"}],"author":[{"embeddable":true,"href":"http:\/\/www.capoeira-auvergne.com\/pt\/wp-json\/wp\/v2\/users\/2"}],"replies":[{"embeddable":true,"href":"http:\/\/www.capoeira-auvergne.com\/pt\/wp-json\/wp\/v2\/comments?post=123"}],"version-history":[{"count":11,"href":"http:\/\/www.capoeira-auvergne.com\/pt\/wp-json\/wp\/v2\/pages\/123\/revisions"}],"predecessor-version":[{"id":2620,"href":"http:\/\/www.capoeira-auvergne.com\/pt\/wp-json\/wp\/v2\/pages\/123\/revisions\/2620"}],"wp:attachment":[{"href":"http:\/\/www.capoeira-auvergne.com\/pt\/wp-json\/wp\/v2\/media?parent=123"}],"curies":[{"name":"wp","href":"https:\/\/api.w.org\/{rel}","templated":true}]}}