{"id":121,"date":"2013-11-03T15:05:28","date_gmt":"2013-11-03T14:05:28","guid":{"rendered":"http:\/\/www.capoeira-auvergne.com\/?page_id=121"},"modified":"2014-02-11T04:06:58","modified_gmt":"2014-02-11T03:06:58","slug":"reine-nanny","status":"publish","type":"page","link":"http:\/\/www.capoeira-auvergne.com\/pt\/reine-nanny\/","title":{"rendered":"Rainha Nanny"},"content":{"rendered":"<p style=\"margin-bottom: 0cm; text-align: justify;\"><a href=\"http:\/\/www.capoeira-auvergne.com\/wp-content\/uploads\/2013\/11\/Nanny.jpg\"><img loading=\"lazy\" class=\"size-full wp-image-512 alignleft\" alt=\"Nanny\" src=\"http:\/\/www.capoeira-auvergne.com\/wp-content\/uploads\/2013\/11\/Nanny.jpg\" width=\"182\" height=\"195\" \/><\/a>Na \u00e9poca da coloniza\u00e7\u00e3o Inglesa na Jamaica entre 1680-1730. A rainha Nanny era original da costa ocidental africana, (Gana). Pertencia a uma fam\u03aflia real da tribo Ashanti ou Akan. Chegou a Jamaica como mulher livre e uma possibilidade de ter trazido consigo seus escravos. Nos tempos dos descobrimentos europeus em \u00c1frica, os escravos trazidos para Jamaica pertenciam eram da costa do ouro, Golfe da Guin\u00e9, reinado do Congo e Madagascar.<\/p>\n<p style=\"margin-bottom: 0cm; text-align: justify;\">O povo da costa do ouro foi o mais dominante na ilha. Conhecidos por Coromantie ou Koromantee eram considerados como guerreiros audazes e valentes. Combateram pela sobreviv\u00eancia, resist\u00eancia e liberdade por seus direitos, recusando o cativeiro. Estes combatentes comandaram rebeli\u00f5es em 1655 e 1830. Os principais factores pela constitui\u00e7\u00e3o e exist\u00eancia das comunidades Afro-Jamaicanas na ilha contra opress\u00e3o Inglesa eram pr\u00e1ticas esp\u03afrituais religiosas africanas, estrat\u00e9gicas militares e cria\u00e7\u00e3o de crian\u00e7as.<\/p>\n<p style=\"margin-bottom: 0cm; text-align: justify;\">As mulheres trabalhavam nas fazendas e engenhos. Um dos of\u03afcios dom\u00e9sticos era cria\u00e7\u00e3o dos filhos dos propriet\u00e1rios. O casamento ou uni\u00e3o entre escravos era pro\u03afbido pelos senhores. Os rec\u00e9m-nascidos eram vendidos como escravos, as mulheres tamb\u00e9m eram exploradas f\u03afsicamente por actos sexuais, abusos, estupro e sadismo. Eram mulheres respons\u00e1veis no cultivo e produ\u00e7\u00e3o agr\u03afcola nas comunidades enquanto que os homens partiam a ca\u00e7a de porcos selvagens. As fazendas sofriam constantes ataques dos rebeldes em busca de alimentos e resgate de escravos.<\/p>\n<p style=\"margin-bottom: 0cm; text-align: justify;\">As mulheres por vezes participavam nos ataques com catanas, cortando as cabe\u00e7as dos Ingleses em busca de vingan\u00e7a e salva\u00e7\u00e3o. Um certo africanismo demonstrado nas comunidades dos Maroons. Na cultura negra jamaicana o respeito e orgulho simbolizava uma na\u00e7\u00e3o guerreira com forte express\u00e3o feminista. A rainha Nanny desempenhou um papel importante como l\u03afder principal. Foi exemplar na luta militar com v\u00e1rios sucessos nas batalhas contra os Ingleses.<\/p>\n<p style=\"margin-bottom: 0cm; text-align: justify;\">As estrat\u00e9gicas militares eram bem elaboradas e organizadas. Uma mulher guerreira, organizava embuscadas, treinava a guerrilha com t\u00e1cticas de camuflagem encobrindo seus soltados com folhas e ramos, estes mobilizados atacavam os soldados Ingleses, que rodeados e completamente inconscientes desabavam por terra. Os acampamentos ou Quilombos situavam-se nas altas montanhas.<\/p>\n<p style=\"text-align: justify;\"><a href=\"http:\/\/www.capoeira-auvergne.com\/wp-content\/uploads\/2013\/11\/nanny1.jpg\"><img loading=\"lazy\" class=\"size-medium wp-image-513 alignright\" alt=\"nanny1\" src=\"http:\/\/www.capoeira-auvergne.com\/wp-content\/uploads\/2013\/11\/nanny1-231x300.jpg\" width=\"231\" height=\"300\" srcset=\"http:\/\/www.capoeira-auvergne.com\/pt\/wp-content\/uploads\/sites\/5\/2013\/11\/nanny1-231x300.jpg 231w, http:\/\/www.capoeira-auvergne.com\/pt\/wp-content\/uploads\/sites\/5\/2013\/11\/nanny1.jpg 385w\" sizes=\"(max-width: 231px) 100vw, 231px\" \/><\/a>Normalmente os entradas principais eram extremamente estreitas com d\u03afficil acesso. Pelo alto das montanhas conseguiam observar o aprox\u03afmar das mel\u03afcias Inglesas. A t\u00e1ctica era deixar progredir o inimigo e contra-atacar as tropas Inglesas em fila indiana. Isto era eficaz quando grandes n\u00fameros de soltados inimigos morriam por um pequeno grupo de soldados Maroons.<\/p>\n<p style=\"text-align: justify;\">A Nanny foi considerada pessoa \u00fanica no conciliamento dos Maroons em toda Jamaica. Ela preservou a cultura negra pela ci\u00eancia e conhecimentos na ilha. Para os Jamaicanos e Maroons contempor\u00e2neos o passado constitui um orgulho. A hist\u00f3ria da Jamaica relata a implac\u00e1vel rainha que organizou uma guerrilha contra escravatura.<\/p>\n<p style=\"text-align: justify;\">A determina\u00e7\u00e3o, lega\u00e7\u00e3o e identifica\u00e7\u00e3o dos negros foram valores pol\u03afticos e m\u03afsticos que prevaleceram o pilar da constru\u00e7\u00e3o e defesa da civiliza\u00e7\u00e3o africana na Jamaica ao dom\u03afnio Ingl\u00eas. Em oitenta anos de luta jamais se reproduziu ao longo dos tempos.<\/p>\n<p style=\"margin-bottom: 0cm; text-align: justify;\"><span lang=\"fr-FR\">\u00a0<\/span><\/p>\n","protected":false},"excerpt":{"rendered":"<p>Na \u00e9poca da coloniza\u00e7\u00e3o Inglesa na Jamaica entre 1680-1730. A rainha Nanny era original da costa ocidental africana, (Gana). Pertencia a uma fam\u03aflia real da tribo Ashanti ou Akan. Chegou a Jamaica como mulher livre e uma possibilidade de ter&hellip;<\/p>\n<p class=\"more-link-p\"><a class=\"more-link\" href=\"http:\/\/www.capoeira-auvergne.com\/pt\/reine-nanny\/\">Lire plus &rarr;<\/a><\/p>\n","protected":false},"author":2,"featured_media":0,"parent":0,"menu_order":0,"comment_status":"closed","ping_status":"closed","template":"","meta":[],"_links":{"self":[{"href":"http:\/\/www.capoeira-auvergne.com\/pt\/wp-json\/wp\/v2\/pages\/121"}],"collection":[{"href":"http:\/\/www.capoeira-auvergne.com\/pt\/wp-json\/wp\/v2\/pages"}],"about":[{"href":"http:\/\/www.capoeira-auvergne.com\/pt\/wp-json\/wp\/v2\/types\/page"}],"author":[{"embeddable":true,"href":"http:\/\/www.capoeira-auvergne.com\/pt\/wp-json\/wp\/v2\/users\/2"}],"replies":[{"embeddable":true,"href":"http:\/\/www.capoeira-auvergne.com\/pt\/wp-json\/wp\/v2\/comments?post=121"}],"version-history":[{"count":10,"href":"http:\/\/www.capoeira-auvergne.com\/pt\/wp-json\/wp\/v2\/pages\/121\/revisions"}],"predecessor-version":[{"id":1855,"href":"http:\/\/www.capoeira-auvergne.com\/pt\/wp-json\/wp\/v2\/pages\/121\/revisions\/1855"}],"wp:attachment":[{"href":"http:\/\/www.capoeira-auvergne.com\/pt\/wp-json\/wp\/v2\/media?parent=121"}],"curies":[{"name":"wp","href":"https:\/\/api.w.org\/{rel}","templated":true}]}}