{"id":116,"date":"2013-11-03T15:02:43","date_gmt":"2013-11-03T14:02:43","guid":{"rendered":"http:\/\/www.capoeira-auvergne.com\/?page_id=116"},"modified":"2014-02-11T04:17:54","modified_gmt":"2014-02-11T03:17:54","slug":"zumbi-de-palmares","status":"publish","type":"page","link":"http:\/\/www.capoeira-auvergne.com\/pt\/zumbi-de-palmares\/","title":{"rendered":"Rei Zumbi de Palmares"},"content":{"rendered":"<p style=\"text-align: justify;\" align=\"JUSTIFY\"><a href=\"http:\/\/www.capoeira-auvergne.com\/wp-content\/uploads\/2013\/11\/zumbi.png\"><img loading=\"lazy\" class=\"size-medium wp-image-521 alignright\" alt=\"zumbi\" src=\"http:\/\/www.capoeira-auvergne.com\/wp-content\/uploads\/2013\/11\/zumbi-300x271.png\" width=\"300\" height=\"271\" srcset=\"http:\/\/www.capoeira-auvergne.com\/pt\/wp-content\/uploads\/sites\/5\/2013\/11\/zumbi-300x271.png 300w, http:\/\/www.capoeira-auvergne.com\/pt\/wp-content\/uploads\/sites\/5\/2013\/11\/zumbi.png 310w\" sizes=\"(max-width: 300px) 100vw, 300px\" \/><\/a><\/p>\n<p style=\"text-align: justify;\">Na hist\u00f3ria do Brasil, conta-se o suic\u03afdio de Zumbi de Palmares pela montanha, preferindo morrer que ser capturado.<\/p>\n<p style=\"text-align: justify;\">O Zumbi nasceu 1655 nas matas do Recife e Pernambuco, foi capturado aos 6 anos de idade numa das cidades do Quilombo de Palmares. O padre Ant\u00f3nio M\u00e9lo foi quem o educou, Zumbi aprendeu falar o latin, portugu\u00eas e ser crist\u00e3o. Quando completou os seus 15 anos fugio para mata, Palmares. Conta-se que quando j\u00e1 tinha os 20 anos de idade, Zumbi participou em defesa do Quilombo num ataque contra Palmares, comandado pelo Sargento Major Manuel Lopez. Zumbi vence o combate, destruindo toda ofensiva portuguesa, mostrando um controlo total, capacidade e agilidade. Zumbi j\u00e1 era considerado como grande estrategista na guerra. Em 1678 o governador Pedro Almeida de Pernambuco prop\u00f4s um tratado de paz \u00ab\u00a0limitada\u00a0\u00bb com o actual rei Ganga Zumba, mais Zumbi interp\u00f5e e recusa o tratado, fazendo uma proposta. Uma condi\u00e7\u00e3o de liberdade total aos negros escravos pertencentes ou n\u00e3o a Palmares. A condi\u00e7\u00e3o foi recusada pelos portugueses.<\/p>\n<p style=\"text-align: justify;\"><span style=\"font-family: arial,helvetica,sans-serif;\"><a href=\"http:\/\/www.capoeira-auvergne.com\/wp-content\/uploads\/2013\/11\/zumbi2.jpg\"><img loading=\"lazy\" class=\"size-full wp-image-518 alignleft\" alt=\"zumbi2\" src=\"http:\/\/www.capoeira-auvergne.com\/wp-content\/uploads\/2013\/11\/zumbi2.jpg\" width=\"254\" height=\"298\" \/><\/a><\/span> Esse acordo era uma armadilha organizada pelos portugueses, com objectivo de liquidar os negros quilombolas. O rei Ganga Zumba morre. Em 1680 Palmares \u00e9 liderado por um novo rei, Zumbi. Escolhido para suceder ao antigo rei Ganga Zumba pela lideran\u00e7a de Palmares.<span style=\"font-family: arial,helvetica,sans-serif;\"><a href=\"http:\/\/www.capoeira-auvergne.com\/wp-content\/uploads\/2013\/11\/zumbi3.jpg\"><img loading=\"lazy\" class=\"wp-image-519 alignright\" alt=\"zumbi3\" src=\"http:\/\/www.capoeira-auvergne.com\/wp-content\/uploads\/2013\/11\/zumbi3.jpg\" width=\"283\" height=\"247\" \/><\/a><\/span> O rei de Portugal proclama destrui\u00e7\u00e3o de Palmares e Zumbi. Considerados grande desgra\u00e7a da colonia portuguesa. Para os portugueses era importante extermina-los a todo o pre\u00e7o. O exercito portugu\u00eas organizou uma grande campanha por todo o pa\u03afs, recrutando muita gente para guerra contra Palmares. No ano 1694, o exercito portugu\u00eas avan\u00e7ou uma ofensiva militar contra Palmares ao comando de Domingos Jorge Velho e Vieira de Melo. Palmares \u00e9 invadido e acabado, destruindo e matando por completo toda popula\u00e7\u00e3o. Um massacre em massa a todos os habitantes da comunidade.<\/p>\n<p style=\"text-align: justify;\">Nos confrontos entre quilombol<a href=\"http:\/\/www.capoeira-auvergne.com\/wp-content\/uploads\/2013\/11\/zumbi4.jpg\"><img loading=\"lazy\" class=\"size-medium wp-image-520 alignleft\" alt=\"zumbi4\" src=\"http:\/\/www.capoeira-auvergne.com\/wp-content\/uploads\/2013\/11\/zumbi4-300x120.jpg\" width=\"300\" height=\"120\" srcset=\"http:\/\/www.capoeira-auvergne.com\/pt\/wp-content\/uploads\/sites\/5\/2013\/11\/zumbi4-300x120.jpg 300w, http:\/\/www.capoeira-auvergne.com\/pt\/wp-content\/uploads\/sites\/5\/2013\/11\/zumbi4.jpg 498w\" sizes=\"(max-width: 300px) 100vw, 300px\" \/><\/a>as e portugueses, Zumbi \u00e9 ferido em combate, mas consegue escapar. Isso n\u00e3o durou por muito tempo, pois nos dias seguintes \u00e9 traido por um dos generais que torturado revela onde se escondia Zumbi.<\/p>\n<p style=\"text-align: justify;\">Descoberto, Zumbi \u00e9 morto pelo exercito portugu\u00eas. O corpo \u00e9 multilado, conservado em sal e enviado a Porto Calvo. O corpo mostrava o mau trato recebido, mais de 15 tiros, multiplas facadas, o p\u00eanis \u00e9 cortado e metido em sua boca. A cabe\u00e7a \u00e9 decapitada e exposta como trof\u00e9u, numa das pra\u00e7as do Recife para mostrar aos escravos que Zumbi n\u00e3o era imortal e toda luta contra Palmares tinha chegado ao fim. Muitos quilombolas conseguiram escapar da destui\u00e7\u00e3o total de Palmares. Depois da morte de Zumbi, outros compatriotas continuaram a combater pela liberdade negra contra opress\u00e3o colonial, criando outros Quilombos em terras brasileiras. Zumbi e Palmares foram considerados os mais importantes factos da hist\u00f3ria do Brasil. O Quilombo tinha uma popula\u00e7\u00e3o cerca de 30000 habitantes em todo estado de Palmares.<\/p>\n<p style=\"text-align: justify;\">Nos escritos da hist\u00f3ria brasileira, houve v\u00e1rias tentativas de apagar toda hist\u00f3ria do legend\u00e1rio rei Zumbi de Palmares. Nos dias actuais, na cidade de S\u00e3o Paulo existe uma universidade que tem o nome de Zumbi, homenagem ao combatente, pelos direitos humanos e liberdade dos negros. \u00ab\u00a0Este combate, essa guerra pela liberdade tem que ser sempre lembrada a toda comunidade no mundo, para que sejamos unidos, n\u00e3o possamos sofrer de novo essa agress\u00e3o, este crime: A escravid\u00e3o \u00ab\u00a0.<\/p>\n<h5 style=\"text-align: center;\"><em><strong>\u00ab\u00a0Aquele que n\u00e3o quer ser escravo, n\u00e3o tem medo de morrer\u00a0\u00bb<\/strong><\/em><\/h5>\n<h5 style=\"text-align: center;\"><em><strong>\u00ab Palmares nunca se acabou \u00bb <\/strong><strong>Zumbi de Palmares<\/strong><\/em><\/h5>\n","protected":false},"excerpt":{"rendered":"<p>Na hist\u00f3ria do Brasil, conta-se o suic\u03afdio de Zumbi de Palmares pela montanha, preferindo morrer que ser capturado. O Zumbi nasceu 1655 nas matas do Recife e Pernambuco, foi capturado aos 6 anos de idade numa das cidades do Quilombo&hellip;<\/p>\n<p class=\"more-link-p\"><a class=\"more-link\" href=\"http:\/\/www.capoeira-auvergne.com\/pt\/zumbi-de-palmares\/\">Lire plus &rarr;<\/a><\/p>\n","protected":false},"author":2,"featured_media":0,"parent":0,"menu_order":0,"comment_status":"closed","ping_status":"closed","template":"","meta":[],"_links":{"self":[{"href":"http:\/\/www.capoeira-auvergne.com\/pt\/wp-json\/wp\/v2\/pages\/116"}],"collection":[{"href":"http:\/\/www.capoeira-auvergne.com\/pt\/wp-json\/wp\/v2\/pages"}],"about":[{"href":"http:\/\/www.capoeira-auvergne.com\/pt\/wp-json\/wp\/v2\/types\/page"}],"author":[{"embeddable":true,"href":"http:\/\/www.capoeira-auvergne.com\/pt\/wp-json\/wp\/v2\/users\/2"}],"replies":[{"embeddable":true,"href":"http:\/\/www.capoeira-auvergne.com\/pt\/wp-json\/wp\/v2\/comments?post=116"}],"version-history":[{"count":13,"href":"http:\/\/www.capoeira-auvergne.com\/pt\/wp-json\/wp\/v2\/pages\/116\/revisions"}],"predecessor-version":[{"id":1856,"href":"http:\/\/www.capoeira-auvergne.com\/pt\/wp-json\/wp\/v2\/pages\/116\/revisions\/1856"}],"wp:attachment":[{"href":"http:\/\/www.capoeira-auvergne.com\/pt\/wp-json\/wp\/v2\/media?parent=116"}],"curies":[{"name":"wp","href":"https:\/\/api.w.org\/{rel}","templated":true}]}}