{"id":114,"date":"2013-11-03T15:01:17","date_gmt":"2013-11-03T14:01:17","guid":{"rendered":"http:\/\/www.capoeira-auvergne.com\/?page_id=114"},"modified":"2014-02-05T23:44:16","modified_gmt":"2014-02-05T22:44:16","slug":"candomble","status":"publish","type":"page","link":"http:\/\/www.capoeira-auvergne.com\/pt\/candomble\/","title":{"rendered":"Candombl\u00e9"},"content":{"rendered":"<p style=\"text-align: justify;\"><a href=\"http:\/\/www.capoeira-auvergne.com\/wp-content\/uploads\/2013\/11\/candomble1.jpg\"><img loading=\"lazy\" class=\"alignleft size-medium wp-image-486\" alt=\"candomble1\" src=\"http:\/\/www.capoeira-auvergne.com\/wp-content\/uploads\/2013\/11\/candomble1-240x300.jpg\" width=\"240\" height=\"300\" srcset=\"http:\/\/www.capoeira-auvergne.com\/pt\/wp-content\/uploads\/sites\/5\/2013\/11\/candomble1-240x300.jpg 240w, http:\/\/www.capoeira-auvergne.com\/pt\/wp-content\/uploads\/sites\/5\/2013\/11\/candomble1.jpg 334w\" sizes=\"(max-width: 240px) 100vw, 240px\" \/><\/a>O Candombl\u00e9 \u00e9 uma das tradi\u00e7\u00f5es da cultura africana, praticada no Brasil. Suas cren\u00e7as ancestrais s\u00e3o africanas,\u00a0\u00bb Orixas\u00a0\u00bb. Significada nos deuses africanos ; Ogum (deus da guerra), Oxum (deusa dos rios), etc&#8230;<\/p>\n<p style=\"text-align: justify;\">No Candombl\u00e9 existe uma mistura do animalismo africano e catolissismo europeu. Na \u00e9poca da escravid\u00e3o os negros chegados ao Brasil continuaram a praticar seus rituais, suas cren\u00e7as, paralelamente os portugueses que impuseram o catolissismo. Originando uma mesti\u00e7agem das culturas, resultando o Candombl\u00e9.<\/p>\n<p style=\"text-align: justify;\">O Candombl\u00e9 foi proibido pelo governo brasileiro at\u00e9 1984. No Brasil, nos dias actuais mais de 3 milh\u00f5es pessoas se declaram praticantes da cultura. A Ba\u03afa \u00e9 o estado mais desenvolvido ao ritual. Em outras partes encontramos actividades similares ao Candombl\u00e9, tamb\u00e9m em outros pa\u03afses da Am\u00e9rica do Sul e algumas ilhas encontramos o Candombl\u00e9. Na pr\u00e1tica do Candombl\u00e9, os iniciados entram em transe, gra\u00e7as ao som dos tambores e c\u00e2nticos fon\u00e9ticos. Invocando assim seus deuses. Os (Orixas) s\u00e3o recebidos particularmente em seus corpos. Cada Deus, (Orixa) tem sua cor, seu sentido e seus c\u00e2nticos. A Capoeira \u00e9 influ\u00eanciada e abrangida pelo m\u00edstico Candombl\u00e9, isso \u00e9 relatado por certas pessoas na capoeiragem.<\/p>\n<p style=\"text-align: justify;\">Alguns c\u00e2nticos da Capoeira tem estrutura similar as m\u00fasicas do Candombl\u00e9. Algumas can\u00e7\u00f5es exaltam directamente o Candombl\u00e9. \u00c9 suscept\u03afvel e n\u00e3o raro ver um capoeirista fazer ou a pedir sua b\u00ean\u00e7\u00e3o, aux\u03aflio ao seu (Orixa). Tamb\u00e9m \u00e9 comum o capoerista usar consigo um colar de protec\u00e7\u00e3o.<\/p>\n<p style=\"text-align: justify;\">\n<p style=\"margin-bottom: 0cm; text-align: justify;\"><a href=\"http:\/\/www.capoeira-auvergne.com\/wp-content\/uploads\/2013\/11\/candomble2.jpg\"><img loading=\"lazy\" class=\"aligncenter size-full wp-image-487\" alt=\"candomble2\" src=\"http:\/\/www.capoeira-auvergne.com\/wp-content\/uploads\/2013\/11\/candomble2.jpg\" width=\"211\" height=\"221\" \/><\/a><\/p>\n","protected":false},"excerpt":{"rendered":"<p>O Candombl\u00e9 \u00e9 uma das tradi\u00e7\u00f5es da cultura africana, praticada no Brasil. Suas cren\u00e7as ancestrais s\u00e3o africanas,\u00a0\u00bb Orixas\u00a0\u00bb. Significada nos deuses africanos ; Ogum (deus da guerra), Oxum (deusa dos rios), etc&#8230; No Candombl\u00e9 existe uma mistura do animalismo africano&hellip;<\/p>\n<p class=\"more-link-p\"><a class=\"more-link\" href=\"http:\/\/www.capoeira-auvergne.com\/pt\/candomble\/\">Lire plus &rarr;<\/a><\/p>\n","protected":false},"author":2,"featured_media":0,"parent":0,"menu_order":0,"comment_status":"closed","ping_status":"closed","template":"","meta":[],"_links":{"self":[{"href":"http:\/\/www.capoeira-auvergne.com\/pt\/wp-json\/wp\/v2\/pages\/114"}],"collection":[{"href":"http:\/\/www.capoeira-auvergne.com\/pt\/wp-json\/wp\/v2\/pages"}],"about":[{"href":"http:\/\/www.capoeira-auvergne.com\/pt\/wp-json\/wp\/v2\/types\/page"}],"author":[{"embeddable":true,"href":"http:\/\/www.capoeira-auvergne.com\/pt\/wp-json\/wp\/v2\/users\/2"}],"replies":[{"embeddable":true,"href":"http:\/\/www.capoeira-auvergne.com\/pt\/wp-json\/wp\/v2\/comments?post=114"}],"version-history":[{"count":6,"href":"http:\/\/www.capoeira-auvergne.com\/pt\/wp-json\/wp\/v2\/pages\/114\/revisions"}],"predecessor-version":[{"id":1728,"href":"http:\/\/www.capoeira-auvergne.com\/pt\/wp-json\/wp\/v2\/pages\/114\/revisions\/1728"}],"wp:attachment":[{"href":"http:\/\/www.capoeira-auvergne.com\/pt\/wp-json\/wp\/v2\/media?parent=114"}],"curies":[{"name":"wp","href":"https:\/\/api.w.org\/{rel}","templated":true}]}}