{"id":1055,"date":"2013-12-01T19:29:56","date_gmt":"2013-12-01T18:29:56","guid":{"rendered":"http:\/\/www.capoeira-auvergne.com\/?page_id=1055"},"modified":"2016-05-27T01:18:12","modified_gmt":"2016-05-27T00:18:12","slug":"mention-legale","status":"publish","type":"page","link":"http:\/\/www.capoeira-auvergne.com\/pt\/mention-legale\/","title":{"rendered":"Formalidades legais"},"content":{"rendered":"<p style=\"text-align: center;\">O site Capoeira Auvergne \u00e9 acess\u00f3rio associa\u00e7\u00e3o \u00ab\u00a0Capoeira Antiga Cultura Guerreira Auvergne\u00a0\u00bb Associa\u00e7\u00e3o lei 1901 objetivo sem fim lucrativo, criada 10 Junho de 1999, endere\u00e7o\u00a0:<\/p>\n<p align=\"center\"><span style=\"color: #000000;\"><strong>A<\/strong>ssociation <strong>C<\/strong>apoeira <strong>A<\/strong>ntiga <strong>C<\/strong>ultura <strong>G<\/strong>uerreira <strong>A<\/strong>uvergne<\/span><\/p>\n<p align=\"center\">3, rue Gaultier de Biauzat<\/p>\n<p align=\"center\">63000 Clermont Ferrand \/\u00a0FRANCE<\/p>\n<p align=\"center\">Email\u00a0: <a href=\"mailto:capoeira.antiga@gmail.com\">capoeira.antiga@gmail.com<\/a><\/p>\n<p align=\"center\">T\u00e9l\u00e9fone\/Fax\u00a0: 09 83 44 40 32 \/ 09 57 83 90 31<\/p>\n<p align=\"center\">Prefeitura do Puy de D\u00f4me n\u00b0 W632000842<\/p>\n<p align=\"center\">Num\u00e9ro Siren\/Siret : 42449363300038<\/p>\n<p>\u00a0As informa\u00e7\u00f5es contidas no site web <a href=\"http:\/\/www.capoeira-auvergne.com\/pt\/\">www.capoeira-auvergne.com<\/a>, s\u00e3o a t\u00edtulo informativo.<\/p>\n<p style=\"text-align: center;\">A escola de Capoeira Antiga Auvergne \u00e9 respons\u00e1vel por informa\u00e7\u00f5es v\u00e9rificadas por erros ou emiss\u00f5es apresentadas aos utilizadores.<\/p>\n<p>&nbsp;<\/p>\n<p><em><span style=\"text-decoration: underline;\"><strong>Respons\u00e1vel da reda\u00e7\u00e3o<\/strong><\/span><\/em><\/p>\n<address>Carlos Da Costa<\/address>\n<address>Mestre Ataare D&rsquo;Costa<\/address>\n<address>e-mail : <span style=\"color: #800000;\"><strong>ataaredacosta@gmail.com<\/strong><\/span><\/address>\n<p><em><strong><span style=\"text-decoration: underline;\">Webmaster :<\/span><\/strong><\/em><\/p>\n<address>\n<address>Girard Julien<\/address>\n<address>e-mail : <span style=\"color: #800000;\"><strong>a6mic48@gmail.com<\/strong><\/span><\/address>\n<address>Site : <span style=\"color: #800000;\"><strong>http:\/\/www.loz-web.fr<\/strong><\/span><\/address>\n<\/address>\n","protected":false},"excerpt":{"rendered":"<p>O site Capoeira Auvergne \u00e9 acess\u00f3rio associa\u00e7\u00e3o \u00ab\u00a0Capoeira Antiga Cultura Guerreira Auvergne\u00a0\u00bb Associa\u00e7\u00e3o lei 1901 objetivo sem fim lucrativo, criada 10 Junho de 1999, endere\u00e7o\u00a0: Association Capoeira Antiga Cultura Guerreira Auvergne 3, rue Gaultier de Biauzat 63000 Clermont Ferrand \/\u00a0FRANCE&hellip;<\/p>\n<p class=\"more-link-p\"><a class=\"more-link\" href=\"http:\/\/www.capoeira-auvergne.com\/pt\/mention-legale\/\">Lire plus &rarr;<\/a><\/p>\n","protected":false},"author":2,"featured_media":0,"parent":0,"menu_order":0,"comment_status":"closed","ping_status":"closed","template":"","meta":[],"_links":{"self":[{"href":"http:\/\/www.capoeira-auvergne.com\/pt\/wp-json\/wp\/v2\/pages\/1055"}],"collection":[{"href":"http:\/\/www.capoeira-auvergne.com\/pt\/wp-json\/wp\/v2\/pages"}],"about":[{"href":"http:\/\/www.capoeira-auvergne.com\/pt\/wp-json\/wp\/v2\/types\/page"}],"author":[{"embeddable":true,"href":"http:\/\/www.capoeira-auvergne.com\/pt\/wp-json\/wp\/v2\/users\/2"}],"replies":[{"embeddable":true,"href":"http:\/\/www.capoeira-auvergne.com\/pt\/wp-json\/wp\/v2\/comments?post=1055"}],"version-history":[{"count":56,"href":"http:\/\/www.capoeira-auvergne.com\/pt\/wp-json\/wp\/v2\/pages\/1055\/revisions"}],"predecessor-version":[{"id":2264,"href":"http:\/\/www.capoeira-auvergne.com\/pt\/wp-json\/wp\/v2\/pages\/1055\/revisions\/2264"}],"wp:attachment":[{"href":"http:\/\/www.capoeira-auvergne.com\/pt\/wp-json\/wp\/v2\/media?parent=1055"}],"curies":[{"name":"wp","href":"https:\/\/api.w.org\/{rel}","templated":true}]}}