{"id":2503,"date":"2018-03-17T00:38:18","date_gmt":"2018-03-16T23:38:18","guid":{"rendered":"http:\/\/www.capoeira-auvergne.com\/es\/?page_id=2503"},"modified":"2018-03-17T00:44:58","modified_gmt":"2018-03-16T23:44:58","slug":"maestro-lima","status":"publish","type":"page","link":"http:\/\/www.capoeira-auvergne.com\/es\/maestro-lima\/","title":{"rendered":"Maestro Lima"},"content":{"rendered":"<p align=\"LEFT\"><span style=\"color: #222222;\"><span style=\"font-family: arial, sans-serif;\"><span style=\"font-size: medium;\"><span lang=\"pt-PT\"><strong><a href=\"http:\/\/www.capoeira-auvergne.com\/es\/wp-content\/uploads\/sites\/3\/2018\/03\/Ma\u00eetre-Lima.jpg\"><img loading=\"lazy\" class=\"alignleft wp-image-2504 size-medium\" src=\"http:\/\/www.capoeira-auvergne.com\/es\/wp-content\/uploads\/sites\/3\/2018\/03\/Ma\u00eetre-Lima-218x300.jpg\" alt=\"\" width=\"218\" height=\"300\" srcset=\"http:\/\/www.capoeira-auvergne.com\/es\/wp-content\/uploads\/sites\/3\/2018\/03\/Ma\u00eetre-Lima-218x300.jpg 218w, http:\/\/www.capoeira-auvergne.com\/es\/wp-content\/uploads\/sites\/3\/2018\/03\/Ma\u00eetre-Lima.jpg 230w\" sizes=\"(max-width: 218px) 100vw, 218px\" \/><\/a>Laudelino Lima<\/strong>, (Maestro de Maestros), el Maestro Lima nacido el 10 Junio de 1956 en la ciudad de Taquaritinga, S\u00e3o Paulo Brasil.<\/span><\/span><\/span><\/span><\/p>\n<p align=\"LEFT\"><span style=\"color: #222222;\"><span style=\"font-family: arial, sans-serif;\"><span style=\"font-size: medium;\"><span lang=\"pt-PT\">Ambos padres (padre y madre) eran luchadores y ya en la \u00e9poca practicaban la Capoeira Antigua. Por consiguiente, el Maestro Lima y sus hermanos y hermanas siguieron la tradici\u00f3n de la lucha en la familia.<\/span><\/span><\/span><\/span><\/p>\n<p align=\"LEFT\"><span style=\"color: #222222;\"><span style=\"font-family: arial, sans-serif;\"><span style=\"font-size: medium;\"><span lang=\"pt-PT\">El Maestro Lima se inici\u00f3 en la Capoeira com el Maestro Baiano de la Cachorra, fue en este momento que se apasion\u00f3 por la competici\u00f3n y el deporte general. Con 16 a\u00f1os de edad llega a Santos, S\u00e3o Paulo, donde inicia la pr\u00e1ctica de Karate y Capoeira al mismo tiempo. <\/span><\/span><\/span><\/span><\/p>\n<p align=\"LEFT\"><span style=\"color: #222222;\"><span style=\"font-family: arial, sans-serif;\"><span style=\"font-size: medium;\"><span lang=\"pt-PT\">Con el Mestre Paulinho Pirata practic\u00f3 la Capoeira que a su vez lo present\u00f3 el Maestro Sombra de la Senzala de Santos, y en esta \u00e9poca pasa a ejercer profesionalmente la Capoeira.<\/span><\/span><\/span><\/span><\/p>\n<p align=\"LEFT\"><span style=\"color: #222222;\"><span style=\"font-family: arial, sans-serif;\"><span style=\"font-size: medium;\"><span lang=\"pt-PT\">En los a\u00f1os 70, uno de sus hermanos, Z\u00e9 de Lima, se convierte en campe\u00f3n de Boxeo y el Maestro Lima comenzo a pr\u00e1cticar boxeo tambi\u00e9n y entra en competici\u00f3n y representa la acad\u00e9mia de Polic\u00eda Militar de Santos, S\u00e3o Paulo.<\/span><\/span><\/span><\/span><\/p>\n<p align=\"LEFT\"><span style=\"color: #222222;\"><span style=\"font-family: arial, sans-serif;\"><span style=\"font-size: medium;\"><span lang=\"pt-PT\">En 1978, el Maestro Lima crea la acad\u00e9mia, Hijo de Senzala, y crea el Capboxe, que es una modalidad deportiva, que mezcla la Capoeira y el boxeo. El Maestro Lima forma grandes campeones de Capboxe, en varios estados de Brasil y cuenta con varios formados de Capoeira por todo el mundo. Un ejemplo de sus campeones es su propio hijo el Maestro Pereira, campe\u00f3n de Capoeira de la ciudad de Mar\u00edlia S\u00e3o Paulo. Actualmente el Maestro Lima es el responsable del Hijo de Senzala, el Arte Popular en Europa, con sede en Ginebra, Suiza, siguiendo la tradici\u00f3n de la familia Lima.<\/span><\/span><\/span><\/span><\/p>\n<p align=\"LEFT\"><span style=\"color: #222222;\"><span style=\"font-family: arial, sans-serif;\"><span style=\"font-size: medium;\"><span lang=\"pt-PT\">El Maestro Lima es considerado el precursor del Capbox, siendo el grano m\u00e1ximo de Capoeira y grano m\u00e1ximo del Capbox, banda negra de Karate, boxeador profesional y graduado en Judo.<\/span><\/span><\/span><\/span><\/p>\n<p align=\"LEFT\"><span style=\"color: #222222;\"><span style=\"font-family: arial, sans-serif;\"><span style=\"font-size: medium;\"><span lang=\"pt-PT\">El Maestro Lima tiene una inmensa experiencia internacional, pasando por varios pa\u00edses como Brasil, Espa\u00f1a, Marruecos, B\u00e9lgica, Canad\u00e1, Suecia, Ital\u00eda.<\/span><\/span><\/span><\/span><\/p>\n<p align=\"LEFT\"><span style=\"color: #222222;\"><span style=\"font-family: arial, sans-serif;\"><span style=\"font-size: medium;\"><span lang=\"pt-PT\">El Maestro Lima es un libro vivo &#8230;. pero es la verdad vivida por el gran Maestro &#8230;<\/span><\/span><\/span><\/span><\/p>\n<p align=\"LEFT\"><span style=\"color: #222222;\"><span style=\"font-family: arial, sans-serif;\"><span style=\"font-size: medium;\"><span lang=\"pt-PT\">Palabras de el Maestro Lima:\u00a0\u00ab Donde est\u00e9 la verdad, est\u00e1 el respeto! Mi vida es la Capoeira.\u00a0\u00bb<\/span><\/span><\/span><\/span><\/p>\n","protected":false},"excerpt":{"rendered":"<p>Laudelino Lima, (Maestro de Maestros), el Maestro Lima nacido el 10 Junio de 1956 en la ciudad de Taquaritinga, S\u00e3o Paulo Brasil. Ambos padres (padre y madre) eran luchadores y ya en la \u00e9poca practicaban la Capoeira Antigua. Por consiguiente,&hellip;<\/p>\n<p class=\"more-link-p\"><a class=\"more-link\" href=\"http:\/\/www.capoeira-auvergne.com\/es\/maestro-lima\/\">Lire plus &rarr;<\/a><\/p>\n","protected":false},"author":4,"featured_media":0,"parent":0,"menu_order":0,"comment_status":"closed","ping_status":"closed","template":"","meta":[],"_links":{"self":[{"href":"http:\/\/www.capoeira-auvergne.com\/es\/wp-json\/wp\/v2\/pages\/2503"}],"collection":[{"href":"http:\/\/www.capoeira-auvergne.com\/es\/wp-json\/wp\/v2\/pages"}],"about":[{"href":"http:\/\/www.capoeira-auvergne.com\/es\/wp-json\/wp\/v2\/types\/page"}],"author":[{"embeddable":true,"href":"http:\/\/www.capoeira-auvergne.com\/es\/wp-json\/wp\/v2\/users\/4"}],"replies":[{"embeddable":true,"href":"http:\/\/www.capoeira-auvergne.com\/es\/wp-json\/wp\/v2\/comments?post=2503"}],"version-history":[{"count":3,"href":"http:\/\/www.capoeira-auvergne.com\/es\/wp-json\/wp\/v2\/pages\/2503\/revisions"}],"predecessor-version":[{"id":2508,"href":"http:\/\/www.capoeira-auvergne.com\/es\/wp-json\/wp\/v2\/pages\/2503\/revisions\/2508"}],"wp:attachment":[{"href":"http:\/\/www.capoeira-auvergne.com\/es\/wp-json\/wp\/v2\/media?parent=2503"}],"curies":[{"name":"wp","href":"https:\/\/api.w.org\/{rel}","templated":true}]}}