{"id":2002,"date":"2014-11-10T18:11:56","date_gmt":"2014-11-10T17:11:56","guid":{"rendered":"http:\/\/www.capoeira-auvergne.com\/es\/?page_id=2002"},"modified":"2016-04-10T01:40:41","modified_gmt":"2016-04-10T00:40:41","slug":"curriculum-vitae-liminha","status":"publish","type":"page","link":"http:\/\/www.capoeira-auvergne.com\/es\/curriculum-vitae-liminha\/","title":{"rendered":"La ruta de lo Maestro Liminha"},"content":{"rendered":"<h5 style=\"text-align: center;\"><span style=\"color: #000000;\">Maestro Liminha D\u2019Ogum<\/span><br \/>\n<span style=\"color: #000000;\">Ant\u00f3nio Carlos de Lima<\/span><\/h5>\n<h5 style=\"text-align: center;\"><span style=\"color: #000000;\">08.08.1964 \u2013 03.11.2005<\/span><\/h5>\n<p style=\"text-align: center;\"><strong>08.08.1964<\/strong> &#8211; Naci\u00f3 en Taquaringa, ciudad de S\u00e3o Paulo.<\/p>\n<h3 style=\"text-align: center;\"><strong>Lleg\u00f3 a fallecer el d\u00eda 03.11.2005, Ginebra, (Suiza).<\/strong><\/h3>\n<p><strong>2004<\/strong><\/p>\n<ul>\n<li>Realiz\u00f3 su segundo CD de Capoeira \u00ab\u00a0Gera\u00e7\u00e3o Africana vol.II\u00a0\u00bb Proyecto Capoeira Antiga, (Clermont-Ferrand-Francia).<strong><span style=\"color: #000000;\">\u00a0<\/span><\/strong><\/li>\n<\/ul>\n<p><strong>2002<\/strong><\/p>\n<ul>\n<li>Realiz\u00f3 su primer CD de \u00ab\u00a0Capoeira Revelac\u00e3o \u00bb\u00a0en la ocasi\u00f3n del 4to Evento de la Asociaci\u00f3n Arte Popular, (Ginebra-Suiza).<\/li>\n<\/ul>\n<p><strong>2001<\/strong><\/p>\n<ul>\n<li>Realiz\u00f3 el 3er Bautizado de Capoeira Arte Popular (Ginebra-Suiza).<\/li>\n<\/ul>\n<p><strong>2000<\/strong><\/p>\n<ul>\n<li>Realiz\u00f3 el 2do Bautizado de Capoeira Arte Popular, Formando como profesor a Carlos da Costa &lt;&lt; Ataare Da Costa \u203a\u203a y Julio Coutinho \u00ab\u00a0Julinho\u00a0\u00bb (Ginebra-Suiza).<\/li>\n<\/ul>\n<p><strong>1998<\/strong><\/p>\n<ul>\n<li>Realiz\u00f3 el 1er Bautizado de Capoeira Arte Popular (Ginebra-Suiza).<\/li>\n<\/ul>\n<p><strong>1997<\/strong><\/p>\n<ul>\n<li>Fundo la Asociaci\u00f3n Arte Popular.<\/li>\n<li>Fue responsable en varias academias de Europa en la difuci\u00f3n y divulgaci\u00f3n de la Capoeira.<\/li>\n<\/ul>\n<p><strong>1994<\/strong><\/p>\n<ul>\n<li>Lleg\u00f3 a Suiza.<\/li>\n<\/ul>\n<p><strong>1990<\/strong><\/p>\n<ul>\n<li>Formo al Maestro Geraldo de la Asociaci\u00f3n Meninos Guerreiros (Cubat\u00e3o).<\/li>\n<li>Fue Campe\u00f3n Brasilero (Peso Cruzador Profesional) de full Contacto.<\/li>\n<\/ul>\n<p><strong>1991<\/strong><\/p>\n<ul>\n<li>Fue Campe\u00f3n Paulista Amador (Peso Pesado).<\/li>\n<\/ul>\n<p><strong>1987<\/strong><\/p>\n<ul>\n<li>(Torneo organizado por el Maestro Paulo Gomes y la Secretar\u00eda Municipal de deportes).<\/li>\n<li>T\u00e9rmino &lt;&lt; cursos de actualizaci\u00f3n en educaci\u00f3n f\u00edsica para la pr\u00e1ctica de la Capoeira \u203a\u203a En la facultad de educaci\u00f3n f\u00edsica de Santos.<\/li>\n<\/ul>\n<p><strong>1985<\/strong><\/p>\n<ul>\n<li>(Campeonato Paulista Juvenil por la Federaci\u00f3n Paulista de Capoeira).<br \/>\nFue Campe\u00f3n Brasilero.<\/li>\n<\/ul>\n<p><strong>1984<\/strong><\/p>\n<ul>\n<li>Se form\u00f3 como Maestro con el Maestro Bira y Maestro Lima, (Santos).<\/li>\n<\/ul>\n<p><strong>1981<\/strong><\/p>\n<ul>\n<li>Fue campe\u00f3n, de categor\u00eda Juvenil M\u00e9dio.<\/li>\n<\/ul>\n<p><strong>1977<\/strong><\/p>\n<ul>\n<li>Comenz\u00f3 a practicar la Capoeira en el Club Volkswagen<br \/>\nCon el Maestro Celso de Moura.<\/li>\n<\/ul>\n<p style=\"text-align: center;\"><strong><a title=\"Maestro Liminha\" href=\"http:\/\/www.liminhadogum.com\/accueil.php\" target=\"_blank\">http:\/\/www.liminhadogum.com<\/a><\/strong><\/p>\n","protected":false},"excerpt":{"rendered":"<p>Maestro Liminha D\u2019Ogum Ant\u00f3nio Carlos de Lima 08.08.1964 \u2013 03.11.2005 08.08.1964 &#8211; Naci\u00f3 en Taquaringa, ciudad de S\u00e3o Paulo. Lleg\u00f3 a fallecer el d\u00eda 03.11.2005, Ginebra, (Suiza). 2004 Realiz\u00f3 su segundo CD de Capoeira \u00ab\u00a0Gera\u00e7\u00e3o Africana vol.II\u00a0\u00bb Proyecto Capoeira Antiga,&hellip;<\/p>\n<p class=\"more-link-p\"><a class=\"more-link\" href=\"http:\/\/www.capoeira-auvergne.com\/es\/curriculum-vitae-liminha\/\">Lire plus &rarr;<\/a><\/p>\n","protected":false},"author":4,"featured_media":0,"parent":0,"menu_order":0,"comment_status":"closed","ping_status":"closed","template":"","meta":[],"_links":{"self":[{"href":"http:\/\/www.capoeira-auvergne.com\/es\/wp-json\/wp\/v2\/pages\/2002"}],"collection":[{"href":"http:\/\/www.capoeira-auvergne.com\/es\/wp-json\/wp\/v2\/pages"}],"about":[{"href":"http:\/\/www.capoeira-auvergne.com\/es\/wp-json\/wp\/v2\/types\/page"}],"author":[{"embeddable":true,"href":"http:\/\/www.capoeira-auvergne.com\/es\/wp-json\/wp\/v2\/users\/4"}],"replies":[{"embeddable":true,"href":"http:\/\/www.capoeira-auvergne.com\/es\/wp-json\/wp\/v2\/comments?post=2002"}],"version-history":[{"count":12,"href":"http:\/\/www.capoeira-auvergne.com\/es\/wp-json\/wp\/v2\/pages\/2002\/revisions"}],"predecessor-version":[{"id":2144,"href":"http:\/\/www.capoeira-auvergne.com\/es\/wp-json\/wp\/v2\/pages\/2002\/revisions\/2144"}],"wp:attachment":[{"href":"http:\/\/www.capoeira-auvergne.com\/es\/wp-json\/wp\/v2\/media?parent=2002"}],"curies":[{"name":"wp","href":"https:\/\/api.w.org\/{rel}","templated":true}]}}