{"id":142,"date":"2013-11-03T15:18:43","date_gmt":"2013-11-03T14:18:43","guid":{"rendered":"http:\/\/www.capoeira-auvergne.com\/?page_id=142"},"modified":"2014-02-08T17:28:50","modified_gmt":"2014-02-08T16:28:50","slug":"quilombo","status":"publish","type":"page","link":"http:\/\/www.capoeira-auvergne.com\/es\/quilombo\/","title":{"rendered":"Quilombo"},"content":{"rendered":"<p style=\"text-align: justify;\"><a href=\"http:\/\/www.capoeira-auvergne.com\/wp-content\/uploads\/2013\/11\/quilombo.jpg\"><img loading=\"lazy\" class=\"alignleft size-medium wp-image-464\" alt=\"quilombo\" src=\"http:\/\/www.capoeira-auvergne.com\/wp-content\/uploads\/2013\/11\/quilombo-300x181.jpg\" width=\"300\" height=\"181\" srcset=\"http:\/\/www.capoeira-auvergne.com\/es\/wp-content\/uploads\/sites\/3\/2013\/11\/quilombo-300x181.jpg 300w, http:\/\/www.capoeira-auvergne.com\/es\/wp-content\/uploads\/sites\/3\/2013\/11\/quilombo.jpg 444w\" sizes=\"(max-width: 300px) 100vw, 300px\" \/><\/a>El Quilombo proviene de las tribus Bantus. Es una copia de la versi\u00f3n africana en Brasil. Una estructura hom\u00f3nima que surgi\u00f3 en Angola en los siglos XVII y XVIII. El t\u00e9rmino quilombo es un portuguesamiento de lengua de Kilombu, Quimbundo, que significa arraial o campamento. La gran mayor\u00eda de los negros brasileros son descendientes de Angola. Los negros han recreado en estructuras de formaci\u00f3n de Brasil empresas angole\u00f1as que conocian en ese momento en Africa, Angola.<\/p>\n<p style=\"text-align: justify;\">Quilombo fue introducido en Angola por las hordas de Imbangalas que entr\u00f3 en el territorio Mbundu, mezclado con los nativos y form\u00f3 el Reino de Ngola. El legendario Ginga reina adopt\u00f3 las estructuras de guerra Jagas. La m\u00e1quina insuperable de lucha y el comercio de esclavos. Las ciudades eran simples aglomeraciones de palho\u00e7as. El nombre era Libata o Quilombo, en forma de la planta de los antiguos campamentos romanos.<\/p>\n<p style=\"text-align: justify;\"><a href=\"http:\/\/www.capoeira-auvergne.com\/wp-content\/uploads\/2013\/11\/A6MPW9NCAU1TCFTCA71FQ12CA1XFQ1ZCA7DFVQCCAMN6CICCADTKSSOCAEZWXVECAW0RD82CA8FSJF1CAOEZMWMCA25A13QCA870T2HCAI69R8VCA5I8FL2CAEWK80KCA65NI7ACA9Y938NCAF8LOKC.jpg\"><img loading=\"lazy\" class=\"alignright\" alt=\"A6MPW9NCAU1TCFTCA71FQ12CA1XFQ1ZCA7DFVQCCAMN6CICCADTKSSOCAEZWXVECAW0RD82CA8FSJF1CAOEZMWMCA25A13QCA870T2HCAI69R8VCA5I8FL2CAEWK80KCA65NI7ACA9Y938NCAF8LOKC\" src=\"http:\/\/www.capoeira-auvergne.com\/wp-content\/uploads\/2013\/11\/A6MPW9NCAU1TCFTCA71FQ12CA1XFQ1ZCA7DFVQCCAMN6CICCADTKSSOCAEZWXVECAW0RD82CA8FSJF1CAOEZMWMCA25A13QCA870T2HCAI69R8VCA5I8FL2CAEWK80KCA65NI7ACA9Y938NCAF8LOKC.jpg\" width=\"275\" height=\"125\" \/><\/a>El t\u00e9rmino Libata fue inventado por el portugu\u00e9s en ese momento. Quilombo fue dominado por un potentado, una poblaci\u00f3n que vivi\u00f3 en formas f\u00e1ciles de vivienda y de transporte. Un conjunto de casas con bloques encabezada por un oficial. En el centro del Quilombo fue la vivienda principal del jefe, se\u00f1or del campamento. Un individuo poderoso, rico y con esclavos. Rodeado por una muy fuerte sebe cuadrados en forma de laberintos para impedir el acceso a los extranjeros.Los habitantes de cada uno de ellos fueron por media de 1000 Jagas, hombres y mujeres, no exist\u03afan herederos en la sucesi\u00f3n del Quilombo.<\/p>\n<p style=\"text-align: justify;\"><a href=\"http:\/\/www.capoeira-auvergne.com\/wp-content\/uploads\/2013\/11\/quilombo2.jpg\"><img loading=\"lazy\" class=\"alignleft size-medium wp-image-463\" alt=\"quilombo2\" src=\"http:\/\/www.capoeira-auvergne.com\/wp-content\/uploads\/2013\/11\/quilombo2-300x148.jpg\" width=\"300\" height=\"148\" srcset=\"http:\/\/www.capoeira-auvergne.com\/es\/wp-content\/uploads\/sites\/3\/2013\/11\/quilombo2-300x148.jpg 300w, http:\/\/www.capoeira-auvergne.com\/es\/wp-content\/uploads\/sites\/3\/2013\/11\/quilombo2.jpg 542w\" sizes=\"(max-width: 300px) 100vw, 300px\" \/><\/a>La elecci\u00f3n se hizo de acuerdo a la experiencia y la fama de los elegidos. La palabra Jaga \u00e9tnica fue un compuesto, un conjunto de 16000 Jagas guerreros genuinos. El personal del ej\u00e9rcito estaban llenos de prisioneros, esclavos sometidos a una esclavitud temporal, convirti\u00e9ndose en hombres libres con pruebas de valor y destreza en los combates.<\/p>\n<p style=\"text-align: justify;\">En cada regi\u00f3n conquistada los Jagas adoptaban lenguas de los pueblos aprobados. El Quilombo angole\u00f1o desempe\u00f1\u00f3 un papel b\u00e1sico como instrumento para el comercio de esclavos. Los Quilombos eran baluarte en la lucha y la resistencia contra la esclavitud en Brasil. El Quilombo m\u00e1s conocido en Brasil fue Palmares. Constituy\u00f3 una reconstrucci\u00f3n hecha por esclavos en respuesta a las condiciones peculiares de esclavismo brasileiro.<\/p>\n<p style=\"text-align: justify;\">Los negros construiran en el tiempo y el espacio de sus pueblos en toda Am\u00e9rica. Los movimientos de regresi\u00f3n tribal bielorruso a patrones de las culturas africanas. La poliandria de Palmares fue un residuo de matriarcado africanos, un sistema de reproducci\u00f3n de politica que exist\u00eda en Africa antigua.<\/p>\n","protected":false},"excerpt":{"rendered":"<p>El Quilombo proviene de las tribus Bantus. Es una copia de la versi\u00f3n africana en Brasil. Una estructura hom\u00f3nima que surgi\u00f3 en Angola en los siglos XVII y XVIII. El t\u00e9rmino quilombo es un portuguesamiento de lengua de Kilombu, Quimbundo,&hellip;<\/p>\n<p class=\"more-link-p\"><a class=\"more-link\" href=\"http:\/\/www.capoeira-auvergne.com\/es\/quilombo\/\">Lire plus &rarr;<\/a><\/p>\n","protected":false},"author":2,"featured_media":0,"parent":0,"menu_order":0,"comment_status":"closed","ping_status":"closed","template":"","meta":[],"_links":{"self":[{"href":"http:\/\/www.capoeira-auvergne.com\/es\/wp-json\/wp\/v2\/pages\/142"}],"collection":[{"href":"http:\/\/www.capoeira-auvergne.com\/es\/wp-json\/wp\/v2\/pages"}],"about":[{"href":"http:\/\/www.capoeira-auvergne.com\/es\/wp-json\/wp\/v2\/types\/page"}],"author":[{"embeddable":true,"href":"http:\/\/www.capoeira-auvergne.com\/es\/wp-json\/wp\/v2\/users\/2"}],"replies":[{"embeddable":true,"href":"http:\/\/www.capoeira-auvergne.com\/es\/wp-json\/wp\/v2\/comments?post=142"}],"version-history":[{"count":16,"href":"http:\/\/www.capoeira-auvergne.com\/es\/wp-json\/wp\/v2\/pages\/142\/revisions"}],"predecessor-version":[{"id":1807,"href":"http:\/\/www.capoeira-auvergne.com\/es\/wp-json\/wp\/v2\/pages\/142\/revisions\/1807"}],"wp:attachment":[{"href":"http:\/\/www.capoeira-auvergne.com\/es\/wp-json\/wp\/v2\/media?parent=142"}],"curies":[{"name":"wp","href":"https:\/\/api.w.org\/{rel}","templated":true}]}}