{"id":133,"date":"2013-11-03T15:09:40","date_gmt":"2013-11-03T14:09:40","guid":{"rendered":"http:\/\/www.capoeira-auvergne.com\/?page_id=133"},"modified":"2017-01-23T18:06:47","modified_gmt":"2017-01-23T17:06:47","slug":"origines","status":"publish","type":"page","link":"http:\/\/www.capoeira-auvergne.com\/es\/origines\/","title":{"rendered":"Origenes"},"content":{"rendered":"<p style=\"font-style: normal; font-weight: normal; text-align: justify;\" align=\"JUSTIFY\">En \u00c1frica los bant\u00fas eran tribus que habitaban en zonas centrales y costeras del continente africano. Ellos emigraron desde el Golfo del sur de Gui\u00f1e con direcci\u00f3n al sur, aproxim\u00e1ndose al r\u00edo Cassai. Los primeros habitantes de Angola ten\u00edan como lengua (Khoisan). Los bant\u00fas permanecieron en las zonas del pa\u00eds actual de Angola. Mezcl\u00e1ndose con los nativos, (Tchokwes). Se produjo una metal\u00fargica confluencia entre las tribus que todav\u00eda hoy en d\u00eda conocemos por Lundas-Tchokwes, los (Bakongos) que viven en el norte de Angola.<\/p>\n<p style=\"text-align: justify;\"><span style=\"font-family: arial,helvetica,sans-serif;\"><a href=\"http:\/\/www.capoeira-auvergne.com\/wp-content\/uploads\/2013\/11\/Origem2.jpg\"><img loading=\"lazy\" class=\"size-medium wp-image-1020 alignleft\" src=\"http:\/\/www.capoeira-auvergne.com\/wp-content\/uploads\/2013\/11\/Origem2-300x182.jpg\" alt=\"Origem2\" width=\"300\" height=\"182\" srcset=\"http:\/\/www.capoeira-auvergne.com\/es\/wp-content\/uploads\/sites\/3\/2013\/11\/Origem2-300x182.jpg 300w, http:\/\/www.capoeira-auvergne.com\/es\/wp-content\/uploads\/sites\/3\/2013\/11\/Origem2-148x90.jpg 148w, http:\/\/www.capoeira-auvergne.com\/es\/wp-content\/uploads\/sites\/3\/2013\/11\/Origem2-31x18.jpg 31w, http:\/\/www.capoeira-auvergne.com\/es\/wp-content\/uploads\/sites\/3\/2013\/11\/Origem2-38x23.jpg 38w, http:\/\/www.capoeira-auvergne.com\/es\/wp-content\/uploads\/sites\/3\/2013\/11\/Origem2-353x215.jpg 353w, http:\/\/www.capoeira-auvergne.com\/es\/wp-content\/uploads\/sites\/3\/2013\/11\/Origem2.jpg 355w\" sizes=\"(max-width: 300px) 100vw, 300px\" \/><\/a><\/span>En 1482 llega a orillas del r\u00edo Congo, el descubridor portugu\u00e9s Diogo C\u00e3o en Troncalizaci\u00f3n entre Congo y Cabinda. En esa \u00e9poca exist\u00eda un reinado de Congo, gobernado y controlado por Mani Congo al norte de Angola, capital Mbanza. Los portugueses eran acogidos por el soberano Nzinga Nkuwu. En la \u00e9poca exist\u00eda una buena relaci\u00f3n entre ambas partes (europeos y africanos). Un comercio mediante el intercambio de bienes, armas de guerra y dientes de marfins por los esclavos. Los portugueses conquistaron la confianza del rey Congol\u00e9s, y luego consiguen convertirlo en catolicismo. En 1491, los portugueses dan el nombre de San Salvador, capital del Reino del Kongo. M\u00e1s en 1507, Nzinga Nkuwu muere, sucedido por otro Congo Mani que cambi\u00f3 totalmente la relaci\u00f3n entre ambas partes.<span style=\"font-family: arial,helvetica,sans-serif;\"><a href=\"http:\/\/www.capoeira-auvergne.com\/wp-content\/uploads\/2013\/11\/Origem.jpg\"><img loading=\"lazy\" class=\"size-medium wp-image-1019 alignright\" src=\"http:\/\/www.capoeira-auvergne.com\/wp-content\/uploads\/2013\/11\/Origem-300x222.jpg\" alt=\"Origem\" width=\"300\" height=\"222\" srcset=\"http:\/\/www.capoeira-auvergne.com\/es\/wp-content\/uploads\/sites\/3\/2013\/11\/Origem-300x222.jpg 300w, http:\/\/www.capoeira-auvergne.com\/es\/wp-content\/uploads\/sites\/3\/2013\/11\/Origem-148x109.jpg 148w, http:\/\/www.capoeira-auvergne.com\/es\/wp-content\/uploads\/sites\/3\/2013\/11\/Origem-31x23.jpg 31w, http:\/\/www.capoeira-auvergne.com\/es\/wp-content\/uploads\/sites\/3\/2013\/11\/Origem-38x28.jpg 38w, http:\/\/www.capoeira-auvergne.com\/es\/wp-content\/uploads\/sites\/3\/2013\/11\/Origem-289x215.jpg 289w, http:\/\/www.capoeira-auvergne.com\/es\/wp-content\/uploads\/sites\/3\/2013\/11\/Origem.jpg 318w\" sizes=\"(max-width: 300px) 100vw, 300px\" \/><\/a><\/span><\/p>\n<p style=\"text-align: justify;\">Los portugueses interesados por las minas de oro y esclavos, declaran la guerra al nuevo rey y en los conflictos, Mani Congo es derrotado y muerto.<\/p>\n<p style=\"text-align: justify;\">El reinado de Congo es conquistado y destruido, desapareciendo por completo y la dominaci\u00f3n portuguesa fue por ali, expandi\u00e9ndose a lo largo del reinado. Conquista, a continuaci\u00f3n, otras pueblos como el de (Ngolas) del Reino de Ndongo en el r\u00edo Cuanza hills. El nombre Angola fue proclamado por los nativos, (Ngolas) antes de la llegada de los portugueses al reino africano. En esta \u00e9poca el dominio portugu\u00e9s era fuerte y conquistador. S\u00e3o Paulo de Asunci\u00f3n de Luanda fue fundado capital de Angola, el punto principal de exportaci\u00f3n de esclavos hacia Am\u00e9rica (Brasil, Cuba y otras destinaciones).<a href=\"http:\/\/www.capoeira-auvergne.com\/wp-content\/uploads\/2013\/11\/map.jpg\"><img loading=\"lazy\" class=\"size-medium wp-image-1022 alignright\" src=\"http:\/\/www.capoeira-auvergne.com\/wp-content\/uploads\/2013\/11\/map-300x192.jpg\" alt=\"map\" width=\"300\" height=\"192\" srcset=\"http:\/\/www.capoeira-auvergne.com\/es\/wp-content\/uploads\/sites\/3\/2013\/11\/map-300x192.jpg 300w, http:\/\/www.capoeira-auvergne.com\/es\/wp-content\/uploads\/sites\/3\/2013\/11\/map-148x94.jpg 148w, http:\/\/www.capoeira-auvergne.com\/es\/wp-content\/uploads\/sites\/3\/2013\/11\/map-31x19.jpg 31w, http:\/\/www.capoeira-auvergne.com\/es\/wp-content\/uploads\/sites\/3\/2013\/11\/map-38x24.jpg 38w, http:\/\/www.capoeira-auvergne.com\/es\/wp-content\/uploads\/sites\/3\/2013\/11\/map-335x215.jpg 335w, http:\/\/www.capoeira-auvergne.com\/es\/wp-content\/uploads\/sites\/3\/2013\/11\/map.jpg 364w\" sizes=\"(max-width: 300px) 100vw, 300px\" \/><\/a><\/p>\n<p style=\"text-align: justify;\">La cerca de ciudades y pueblos del r\u00edo Congo, norte de Angola, hubo una mezcla de poblaci\u00f3n entre los pueblos de \u00c1frica y Europa. Una cierta complicidad en tribus mediante el intercambio de sustancias; ropa, vino etc., por esclavos. Desde el siglo XVI, hab\u00eda m\u00e1s de 16 millones de africanos transportados en terribles buques negreros, c\u00e1lculos a\u00fan por definir y s\u00f3lo 4 millones de sobrevivientes eran los que quedaban en los buques para las Am\u00e9ricas (Brasil y M\u00e9xico). La mayor\u00eda de los negros arrebatados fueron los bant\u00faes de Angola.<\/p>\n<p style=\"text-align: justify;\">La deserta\u00e7ion celebr\u00f3 que la poblaci\u00f3n de Angola fue en masa en el siglo XVII. Por el escaso mercado humano en las regiones litoral de Angola, hizo que los portugueses, arrancaran las tribus del Yorouba, desendientes de Nigeria. Entre Brasil y Angola exist\u00eda una alianza por el trafico de seres humanos, una mezcla variada por la cultura y el idioma en el portugu\u00e9s-brasile\u00f1o. S\u00f3lo en el a\u00f1o 1836, llega en Angola la prohibici\u00f3n del comercio de esclavos a Am\u00e9rica.<\/p>\n<p style=\"text-align: center;\"><strong>Ongolo :<\/strong><\/p>\n<p style=\"text-align: center;\">[youtube]http:\/\/youtu.be\/zlqnRIMAtTc[\/youtube]<\/p>\n<p style=\"text-align: center;\"><strong>Vadia\u00e7\u00e3o Capoeira Antiga :<\/strong><\/p>\n<p style=\"text-align: center;\">[youtube]http:\/\/youtu.be\/ObGj2e2bsAc[\/youtube]<\/p>\n<p style=\"text-align: center;\"><strong> La lutte <\/strong><strong>Ag&rsquo;ya Danmye Ladja :<\/strong><\/p>\n<p style=\"text-align: center;\">[youtube]http:\/\/www.youtube.com\/watch?v=Rl4CEEse_fI[\/youtube]<\/p>\n<p style=\"text-align: center;\"><strong>\u00a0Pel\u00edcula \u00ab\u00a0Quilombo\u00a0de Palmares\u00a0\u00bb\u00a0<\/strong><\/p>\n<p style=\"text-align: center;\">[youtube]https:\/\/youtu.be\/v7CYGqJsFvU[\/youtube]<\/p>\n<p style=\"text-align: center;\"><strong>\u00a0Pel\u00edcula \u00ab\u00a0De Galanga no Congo a Chico Rei em Ouro Preto\u00a0\u00bb<\/strong><\/p>\n<p style=\"text-align: center;\">[youtube]http:\/\/youtu.be\/Brbc4WyFhQw[\/youtube]<\/p>\n<p style=\"text-align: center;\"><strong>Pel\u00edcula\u00a0\u00ab\u00a0Ganga Zumba\u00a0\u00bb<\/strong><\/p>\n<p style=\"text-align: center;\">[youtube]https:\/\/youtu.be\/pjEiYGwOxv0[\/youtube]<\/p>\n","protected":false},"excerpt":{"rendered":"<p>En \u00c1frica los bant\u00fas eran tribus que habitaban en zonas centrales y costeras del continente africano. Ellos emigraron desde el Golfo del sur de Gui\u00f1e con direcci\u00f3n al sur, aproxim\u00e1ndose al r\u00edo Cassai. Los primeros habitantes de Angola ten\u00edan como&hellip;<\/p>\n<p class=\"more-link-p\"><a class=\"more-link\" href=\"http:\/\/www.capoeira-auvergne.com\/es\/origines\/\">Lire plus &rarr;<\/a><\/p>\n","protected":false},"author":1,"featured_media":0,"parent":0,"menu_order":0,"comment_status":"closed","ping_status":"closed","template":"","meta":[],"_links":{"self":[{"href":"http:\/\/www.capoeira-auvergne.com\/es\/wp-json\/wp\/v2\/pages\/133"}],"collection":[{"href":"http:\/\/www.capoeira-auvergne.com\/es\/wp-json\/wp\/v2\/pages"}],"about":[{"href":"http:\/\/www.capoeira-auvergne.com\/es\/wp-json\/wp\/v2\/types\/page"}],"author":[{"embeddable":true,"href":"http:\/\/www.capoeira-auvergne.com\/es\/wp-json\/wp\/v2\/users\/1"}],"replies":[{"embeddable":true,"href":"http:\/\/www.capoeira-auvergne.com\/es\/wp-json\/wp\/v2\/comments?post=133"}],"version-history":[{"count":37,"href":"http:\/\/www.capoeira-auvergne.com\/es\/wp-json\/wp\/v2\/pages\/133\/revisions"}],"predecessor-version":[{"id":2321,"href":"http:\/\/www.capoeira-auvergne.com\/es\/wp-json\/wp\/v2\/pages\/133\/revisions\/2321"}],"wp:attachment":[{"href":"http:\/\/www.capoeira-auvergne.com\/es\/wp-json\/wp\/v2\/media?parent=133"}],"curies":[{"name":"wp","href":"https:\/\/api.w.org\/{rel}","templated":true}]}}