{"id":126,"date":"2013-11-03T15:07:45","date_gmt":"2013-11-03T14:07:45","guid":{"rendered":"http:\/\/www.capoeira-auvergne.com\/?page_id=126"},"modified":"2014-02-11T03:55:33","modified_gmt":"2014-02-11T02:55:33","slug":"gaspar-yanga","status":"publish","type":"page","link":"http:\/\/www.capoeira-auvergne.com\/es\/gaspar-yanga\/","title":{"rendered":"Gaspar Yanga"},"content":{"rendered":"<p style=\"text-align: justify;\"><a href=\"http:\/\/www.capoeira-auvergne.com\/wp-content\/uploads\/2013\/11\/Gasparyanga.jpg\"><img loading=\"lazy\" class=\"size-full wp-image-492 alignleft\" alt=\"Gasparyanga\" src=\"http:\/\/www.capoeira-auvergne.com\/wp-content\/uploads\/2013\/11\/Gasparyanga.jpg\" width=\"197\" height=\"224\" \/><\/a>Con el descubrimiento del nuevo mundo de las Am\u00e9ricas, los colonizadores Espa\u00f1oles impusieron a los nativos , exploraciones horribles. Los indios mor\u03afan debido a los malos tratos y duro trabajo penoso. Las enfermedades llevadas por los europeos, ayudo en la destrucci\u00f3n completa del pueblo ind\u03afgena. Fue en el siglo XVI, el comienzo del rescate de muchos negros africanos. Los esclavos eran considerados como mercader\u03afa. Trabajaban en las minas y plantaciones en la mano de obra. Los esclavos ven\u03afan de Angola, Congo, Gana, Costa de Marfin, Senegal, G\u00e2mbia, Nig\u00e9ria.<\/p>\n<p style=\"margin-bottom: 0cm; text-align: justify;\"><a href=\"http:\/\/www.capoeira-auvergne.com\/wp-content\/uploads\/2013\/11\/Gasparyanga2.jpg\"><img loading=\"lazy\" class=\"size-medium wp-image-491 alignright\" alt=\"Gasparyanga2\" src=\"http:\/\/www.capoeira-auvergne.com\/wp-content\/uploads\/2013\/11\/Gasparyanga2-300x181.jpg\" width=\"300\" height=\"181\" srcset=\"http:\/\/www.capoeira-auvergne.com\/es\/wp-content\/uploads\/sites\/3\/2013\/11\/Gasparyanga2-300x181.jpg 300w, http:\/\/www.capoeira-auvergne.com\/es\/wp-content\/uploads\/sites\/3\/2013\/11\/Gasparyanga2.jpg 394w\" sizes=\"(max-width: 300px) 100vw, 300px\" \/><\/a><\/p>\n<p style=\"text-align: justify;\">Nyanga o Gaspar Yanga fue uno de los esclavos trasladados a las embarcaciones. Fue transportado por la ruta de tr\u00e1fico de esclavos de Cabo Verde, en que el comercio pertenecia a los portugueses y supuestamente pertenecia a una familia real del Gab\u00e3o, fue capturado en la regi\u00f3n \u00ab Brang ou Brong de Tabutu \u00bb, en Guin\u00e9, perteneciente al imperio de Gana.<\/p>\n<p style=\"text-align: justify;\">Nyanga fue transportado, llego acorrentado a Vera Cruz en M\u00e9xico en 1579, y puesto a trabajar en las plantaciones de az\u00facar y alcohol en la provincia llamada Yanga. Se cuenta que Yanga era un hombre de estatura alta anormal, fuerte y inteligente. Nyanga consigui\u00f3 escapar para la floresta, donde mas tarde se volver\u03afa l\u03afder de la rebeli\u00f3n Cimarrones en M\u00e9xico. El grupo rebelde comenz\u00f3 a existir en 1537, con una fuga de muchos esclavos quilombolas que se escaparon para las monta\u00f1as del Per\u00fa.<\/p>\n<p style=\"text-align: justify;\">Por lo sucedido el virrey Ant\u00f3nio de Mendoza mando ahorcar en la Plaza Mayor dos fugitivos Juan Venegas y Juan Roman encontrados en la fuga.Tres a\u00f1os mas tarde, escuchando relatos de la poblaci\u00f3n, en que los negros quer\u03afan vengarse de la corona espa\u00f1ola en la capital, queriendo as\u03af la muerte del virrey. Antonio de Mendoza, mando a matar muchos negros, metiendo sus cuerpos en palos con puntas, en todas las calles principales de la regi\u00f3n, como advertencia y punici\u00f3n a todos aquellos que se opon\u03afan contra la corona espa\u00f1ola. Todos los negros, esclavos fugitivos eran proclamados quilombolas, nombre dado por ser considerados como salvajes, personas insolentes y de modales duros que viv\u03afan libremente en florestas en sus comunidades, cuyo nombre era Quilombos, Mocambos.<\/p>\n<p style=\"text-align: justify;\">En el a\u00f1o 1609 los espa\u00f1oles hacen una expedici\u00f3n con 550 soldados, de los cuales 100 eran Espa\u00f1oles y el resto eran reclutas, indios, meztisos y criollos. El objetibo era de acabar con los rebeldes que se escond\u03afan en las monta\u00f1as Orizaba.<a href=\"http:\/\/www.capoeira-auvergne.com\/es\/wp-content\/uploads\/sites\/3\/2013\/11\/Guerreiros-das-Esmeraldas-1.jpg\"><img loading=\"lazy\" class=\"alignleft\" alt=\"Guerreiros das Esmeraldas 1\" src=\"http:\/\/www.capoeira-auvergne.com\/es\/wp-content\/uploads\/sites\/3\/2013\/11\/Guerreiros-das-Esmeraldas-1-300x158.jpg\" width=\"300\" height=\"158\" \/><\/a> El Quilombo era dirigido por el pap\u00e0 Nyanga que en la \u00e9poca ya tenia 30 a\u00f1os de quilombagen y el angolano Francisco de la Matossa. Estos eran los principales causantes de los ataques a haciendas vecinas tambi\u00e9n conocidos por asaltos a carros y pasajeros. En la guerra impuesta por los espa\u00f1oles los quilombolas estaban en superioridad de fuerza con muchos guerreros con armas de fuego, piedras, machetes, arcos y flechas. Las malicias quilombolas ten\u03afan un conocimiento de terreno en la guerra por la floresta, eran liderados por Francisco de la Matossa. El l\u03afder Nyanga uso el mayor n\u00famero de soldados guerreros, bien armados en la batalla contra los espa\u00f1oles.<\/p>\n<p style=\"text-align: justify;\">Los afrontamientos concluyeron con pesadas perdidas para ambos lados. Los Espa\u00f1oles nunca consiguieron obtener la victoria definitiva, entre muchos confrontos y batallas, fueran incapaces de infligir una derrota a los quilombolas. En el mismo a\u00f1o los Espa\u00f1oles fueron forzados a aceptar las negociaciones.<\/p>\n<p style=\"text-align: justify;\">Las convenciones impuestas por los revoltosos, era emancipaci\u00f3n total de los esclavos y el acuerdo derecho de gobernar la regi\u00f3n por la familia Nyanga. Gaspar Yanga fue proclamado en libertador de los negros, por la guerra impuesta por los espa\u00f1oles. Fue baluarte por la valent\u03afa y osad\u03afa de luchar contra la corona. Este acto llevo a el reconocimiento de la provincia o ciudad de Yanga.<\/p>\n","protected":false},"excerpt":{"rendered":"<p>Con el descubrimiento del nuevo mundo de las Am\u00e9ricas, los colonizadores Espa\u00f1oles impusieron a los nativos , exploraciones horribles. Los indios mor\u03afan debido a los malos tratos y duro trabajo penoso. Las enfermedades llevadas por los europeos, ayudo en la&hellip;<\/p>\n<p class=\"more-link-p\"><a class=\"more-link\" href=\"http:\/\/www.capoeira-auvergne.com\/es\/gaspar-yanga\/\">Lire plus &rarr;<\/a><\/p>\n","protected":false},"author":2,"featured_media":0,"parent":0,"menu_order":0,"comment_status":"closed","ping_status":"closed","template":"","meta":[],"_links":{"self":[{"href":"http:\/\/www.capoeira-auvergne.com\/es\/wp-json\/wp\/v2\/pages\/126"}],"collection":[{"href":"http:\/\/www.capoeira-auvergne.com\/es\/wp-json\/wp\/v2\/pages"}],"about":[{"href":"http:\/\/www.capoeira-auvergne.com\/es\/wp-json\/wp\/v2\/types\/page"}],"author":[{"embeddable":true,"href":"http:\/\/www.capoeira-auvergne.com\/es\/wp-json\/wp\/v2\/users\/2"}],"replies":[{"embeddable":true,"href":"http:\/\/www.capoeira-auvergne.com\/es\/wp-json\/wp\/v2\/comments?post=126"}],"version-history":[{"count":18,"href":"http:\/\/www.capoeira-auvergne.com\/es\/wp-json\/wp\/v2\/pages\/126\/revisions"}],"predecessor-version":[{"id":1839,"href":"http:\/\/www.capoeira-auvergne.com\/es\/wp-json\/wp\/v2\/pages\/126\/revisions\/1839"}],"wp:attachment":[{"href":"http:\/\/www.capoeira-auvergne.com\/es\/wp-json\/wp\/v2\/media?parent=126"}],"curies":[{"name":"wp","href":"https:\/\/api.w.org\/{rel}","templated":true}]}}